{"id":806,"date":"2024-10-08T15:55:10","date_gmt":"2024-10-08T18:55:10","guid":{"rendered":"https:\/\/w3master.com.br\/modelo06\/?post_type=product&#038;p=806"},"modified":"2024-10-08T15:57:06","modified_gmt":"2024-10-08T18:57:06","slug":"racao-funny-bunny-delicias-da-horta-500g","status":"publish","type":"product","link":"https:\/\/w3master.com.br\/modelo06\/product\/racao-funny-bunny-delicias-da-horta-500g\/","title":{"rendered":"Ra\u00e7\u00e3o Funny Bunny Del\u00edcias da Horta 500g"},"content":{"rendered":"<p>A\u00a0<strong>Ra\u00e7\u00e3o Supra Funny Bunny Del\u00edcias da Horta\u00a0<\/strong>Coelhos, Hamster e Outros Pequenos Roedores \u00e9 um alimento completo, indicado para\u00a0<strong>roedores pequenos<\/strong>\u00a0como coelhos, hamsters entre outros.<\/p>\n<p>Seus ingredientes selecionados a partir de vegetais nobres, cooperam para uma digest\u00e3o melhor.<\/p>\n<p>Al\u00e9m disso \u00e9 rico em vitamina C, promovendo a calcifica\u00e7\u00e3o dos ossos.<\/p>\n","protected":false},"excerpt":{"rendered":"<p>A\u00a0Ra\u00e7\u00e3o Supra Funny Bunny Del\u00edcias da Horta\u00a0Coelhos, Hamster e Outros Pequenos Roedores \u00e9 um alimento completo, indicado para\u00a0roedores pequenos\u00a0como coelhos, hamsters entre outros. Seus ingredientes selecionados a partir de vegetais nobres, cooperam para uma digest\u00e3o melhor. Al\u00e9m disso \u00e9 rico em vitamina C, promovendo a calcifica\u00e7\u00e3o dos ossos.<\/p>\n","protected":false},"featured_media":808,"comment_status":"open","ping_status":"closed","template":"","meta":[],"product_cat":[77,79],"product_tag":[],"class_list":{"0":"post-806","1":"product","2":"type-product","3":"status-publish","4":"has-post-thumbnail","6":"product_cat-coelhos","7":"product_cat-racoes-coelhos","9":"first","10":"instock","11":"shipping-taxable","12":"purchasable","13":"product-type-simple"},"_links":{"self":[{"href":"https:\/\/w3master.com.br\/modelo06\/wp-json\/wp\/v2\/product\/806"}],"collection":[{"href":"https:\/\/w3master.com.br\/modelo06\/wp-json\/wp\/v2\/product"}],"about":[{"href":"https:\/\/w3master.com.br\/modelo06\/wp-json\/wp\/v2\/types\/product"}],"replies":[{"embeddable":true,"href":"https:\/\/w3master.com.br\/modelo06\/wp-json\/wp\/v2\/comments?post=806"}],"wp:featuredmedia":[{"embeddable":true,"href":"https:\/\/w3master.com.br\/modelo06\/wp-json\/wp\/v2\/media\/808"}],"wp:attachment":[{"href":"https:\/\/w3master.com.br\/modelo06\/wp-json\/wp\/v2\/media?parent=806"}],"wp:term":[{"taxonomy":"product_cat","embeddable":true,"href":"https:\/\/w3master.com.br\/modelo06\/wp-json\/wp\/v2\/product_cat?post=806"},{"taxonomy":"product_tag","embeddable":true,"href":"https:\/\/w3master.com.br\/modelo06\/wp-json\/wp\/v2\/product_tag?post=806"}],"curies":[{"name":"wp","href":"https:\/\/api.w.org\/{rel}","templated":true}]}}