{"id":809,"date":"2024-10-08T16:00:21","date_gmt":"2024-10-08T19:00:21","guid":{"rendered":"https:\/\/w3master.com.br\/modelo06\/?post_type=product&#038;p=809"},"modified":"2024-10-08T16:05:21","modified_gmt":"2024-10-08T19:05:21","slug":"comedouro-coelho-verde-300ml","status":"publish","type":"product","link":"https:\/\/w3master.com.br\/modelo06\/product\/comedouro-coelho-verde-300ml\/","title":{"rendered":"Comedouro Coelho Verde &#8211; 300ML"},"content":{"rendered":"<p><strong>Comedouro Para Coelho The Pets Brasil Porcelana Verde<\/strong><\/p>\n<p>O Comedouro para Coelho The Pets Porcelana \u00e9 ideal para o seu bichinho e possui f\u00e1cil higeniza\u00e7\u00e3o.<\/p>\n<p>Produzido em porcelanato premite que a comida do bichinho se mantenha fresca.<\/p>\n<p>Al\u00e9m do mais conta cum um design moderno e sofisticado.<\/p>\n","protected":false},"excerpt":{"rendered":"<p>Comedouro Para Coelho The Pets Brasil Porcelana Verde O Comedouro para Coelho The Pets Porcelana \u00e9 ideal para o seu bichinho e possui f\u00e1cil higeniza\u00e7\u00e3o. Produzido em porcelanato premite que a comida do bichinho se mantenha fresca. Al\u00e9m do mais conta cum um design moderno e sofisticado.<\/p>\n","protected":false},"featured_media":810,"comment_status":"open","ping_status":"closed","template":"","meta":[],"product_cat":[78,77],"product_tag":[],"class_list":{"0":"post-809","1":"product","2":"type-product","3":"status-publish","4":"has-post-thumbnail","6":"product_cat-acessorios-para-alimentacao-coelhos","7":"product_cat-coelhos","9":"first","10":"instock","11":"shipping-taxable","12":"purchasable","13":"product-type-simple"},"_links":{"self":[{"href":"https:\/\/w3master.com.br\/modelo06\/wp-json\/wp\/v2\/product\/809"}],"collection":[{"href":"https:\/\/w3master.com.br\/modelo06\/wp-json\/wp\/v2\/product"}],"about":[{"href":"https:\/\/w3master.com.br\/modelo06\/wp-json\/wp\/v2\/types\/product"}],"replies":[{"embeddable":true,"href":"https:\/\/w3master.com.br\/modelo06\/wp-json\/wp\/v2\/comments?post=809"}],"wp:featuredmedia":[{"embeddable":true,"href":"https:\/\/w3master.com.br\/modelo06\/wp-json\/wp\/v2\/media\/810"}],"wp:attachment":[{"href":"https:\/\/w3master.com.br\/modelo06\/wp-json\/wp\/v2\/media?parent=809"}],"wp:term":[{"taxonomy":"product_cat","embeddable":true,"href":"https:\/\/w3master.com.br\/modelo06\/wp-json\/wp\/v2\/product_cat?post=809"},{"taxonomy":"product_tag","embeddable":true,"href":"https:\/\/w3master.com.br\/modelo06\/wp-json\/wp\/v2\/product_tag?post=809"}],"curies":[{"name":"wp","href":"https:\/\/api.w.org\/{rel}","templated":true}]}}