{"id":818,"date":"2024-10-08T17:16:31","date_gmt":"2024-10-08T20:16:31","guid":{"rendered":"https:\/\/w3master.com.br\/modelo06\/?post_type=product&#038;p=818"},"modified":"2024-10-08T17:17:42","modified_gmt":"2024-10-08T20:17:42","slug":"racao-tetra-reptomin-para-tartarugas","status":"publish","type":"product","link":"https:\/\/w3master.com.br\/modelo06\/product\/racao-tetra-reptomin-para-tartarugas\/","title":{"rendered":"Ra\u00e7\u00e3o Tetra Reptomin para Tartarugas"},"content":{"rendered":"<p>A Ra\u00e7\u00e3o Tetra Reptomin Para Tartarugas E R\u00e9pteis \u00e9 indicada por nutricionistas como a melhor op\u00e7\u00e3o para o seu pet.<\/p>\n<p>Cont\u00e9m precisas quantidade de nutrientes, c\u00e1lcio e vitamina C para energia e crescimento.<\/p>\n<p>Treta Reptomin s\u00e3o palitos flutuantes altamente palat\u00e1veis.<br \/>\nF\u00f3rmula de f\u00e1cil digest\u00e3o, cientificamente formulada com as mais recentes tecnologias de nutri\u00e7\u00e3o e de fabrica\u00e7\u00e3o.<\/p>\n<p>Sua formula \u00e9 rica em vitaminas e prote\u00ednas, garantindo que sua tartaruga tenha qualidade de vida. Cientificamente formulada com as mais recentes tecnologias de nutri\u00e7\u00e3o e de fabrica\u00e7\u00e3o.<\/p>\n","protected":false},"excerpt":{"rendered":"<p>A Ra\u00e7\u00e3o Tetra Reptomin Para Tartarugas E R\u00e9pteis \u00e9 indicada por nutricionistas como a melhor op\u00e7\u00e3o para o seu pet. Cont\u00e9m precisas quantidade de nutrientes, c\u00e1lcio e vitamina C para energia e crescimento. Treta Reptomin s\u00e3o palitos flutuantes altamente palat\u00e1veis. F\u00f3rmula de f\u00e1cil digest\u00e3o, cientificamente formulada com as mais recentes tecnologias de nutri\u00e7\u00e3o e de [&hellip;]<\/p>\n","protected":false},"featured_media":819,"comment_status":"open","ping_status":"closed","template":"","meta":[],"product_cat":[81,82],"product_tag":[],"class_list":{"0":"post-818","1":"product","2":"type-product","3":"status-publish","4":"has-post-thumbnail","6":"product_cat-outros-pets","7":"product_cat-tartarugas","9":"first","10":"instock","11":"shipping-taxable","12":"purchasable","13":"product-type-simple"},"_links":{"self":[{"href":"https:\/\/w3master.com.br\/modelo06\/wp-json\/wp\/v2\/product\/818"}],"collection":[{"href":"https:\/\/w3master.com.br\/modelo06\/wp-json\/wp\/v2\/product"}],"about":[{"href":"https:\/\/w3master.com.br\/modelo06\/wp-json\/wp\/v2\/types\/product"}],"replies":[{"embeddable":true,"href":"https:\/\/w3master.com.br\/modelo06\/wp-json\/wp\/v2\/comments?post=818"}],"wp:featuredmedia":[{"embeddable":true,"href":"https:\/\/w3master.com.br\/modelo06\/wp-json\/wp\/v2\/media\/819"}],"wp:attachment":[{"href":"https:\/\/w3master.com.br\/modelo06\/wp-json\/wp\/v2\/media?parent=818"}],"wp:term":[{"taxonomy":"product_cat","embeddable":true,"href":"https:\/\/w3master.com.br\/modelo06\/wp-json\/wp\/v2\/product_cat?post=818"},{"taxonomy":"product_tag","embeddable":true,"href":"https:\/\/w3master.com.br\/modelo06\/wp-json\/wp\/v2\/product_tag?post=818"}],"curies":[{"name":"wp","href":"https:\/\/api.w.org\/{rel}","templated":true}]}}