{"id":821,"date":"2024-10-08T17:18:01","date_gmt":"2024-10-08T20:18:01","guid":{"rendered":"https:\/\/w3master.com.br\/modelo06\/?post_type=product&#038;p=821"},"modified":"2024-10-08T17:18:47","modified_gmt":"2024-10-08T20:18:47","slug":"racao-para-repteis-alcon-reptolife-30g","status":"publish","type":"product","link":"https:\/\/w3master.com.br\/modelo06\/product\/racao-para-repteis-alcon-reptolife-30g\/","title":{"rendered":"Ra\u00e7\u00e3o Para R\u00e9pteis Alcon Reptolife 30g"},"content":{"rendered":"<p>A Ra\u00e7\u00e3o Alcon Reptolife \u00e9 um alimento extrusado ideal para sua tartaruga aqu\u00e1tica, a mant\u00e9m forte e saud\u00e1vel.<\/p>\n<p>Esta ra\u00e7\u00e3o apresenta um balan\u00e7o perfeito de vitaminas, minerais e amino\u00e1cidos, o que evita problemas de cunho nutricional.<\/p>\n<p>A ra\u00e7\u00e3o Alcon Club Reptolife deve ser apresentada se a tartaruga apresentar mais de 10 cm de comprimento.<\/p>\n","protected":false},"excerpt":{"rendered":"<p>A Ra\u00e7\u00e3o Alcon Reptolife \u00e9 um alimento extrusado ideal para sua tartaruga aqu\u00e1tica, a mant\u00e9m forte e saud\u00e1vel. Esta ra\u00e7\u00e3o apresenta um balan\u00e7o perfeito de vitaminas, minerais e amino\u00e1cidos, o que evita problemas de cunho nutricional. A ra\u00e7\u00e3o Alcon Club Reptolife deve ser apresentada se a tartaruga apresentar mais de 10 cm de comprimento.<\/p>\n","protected":false},"featured_media":822,"comment_status":"open","ping_status":"closed","template":"","meta":[],"product_cat":[81,82],"product_tag":[],"class_list":{"0":"post-821","1":"product","2":"type-product","3":"status-publish","4":"has-post-thumbnail","6":"product_cat-outros-pets","7":"product_cat-tartarugas","9":"first","10":"instock","11":"shipping-taxable","12":"purchasable","13":"product-type-simple"},"_links":{"self":[{"href":"https:\/\/w3master.com.br\/modelo06\/wp-json\/wp\/v2\/product\/821"}],"collection":[{"href":"https:\/\/w3master.com.br\/modelo06\/wp-json\/wp\/v2\/product"}],"about":[{"href":"https:\/\/w3master.com.br\/modelo06\/wp-json\/wp\/v2\/types\/product"}],"replies":[{"embeddable":true,"href":"https:\/\/w3master.com.br\/modelo06\/wp-json\/wp\/v2\/comments?post=821"}],"wp:featuredmedia":[{"embeddable":true,"href":"https:\/\/w3master.com.br\/modelo06\/wp-json\/wp\/v2\/media\/822"}],"wp:attachment":[{"href":"https:\/\/w3master.com.br\/modelo06\/wp-json\/wp\/v2\/media?parent=821"}],"wp:term":[{"taxonomy":"product_cat","embeddable":true,"href":"https:\/\/w3master.com.br\/modelo06\/wp-json\/wp\/v2\/product_cat?post=821"},{"taxonomy":"product_tag","embeddable":true,"href":"https:\/\/w3master.com.br\/modelo06\/wp-json\/wp\/v2\/product_tag?post=821"}],"curies":[{"name":"wp","href":"https:\/\/api.w.org\/{rel}","templated":true}]}}