{"id":829,"date":"2024-10-08T17:27:24","date_gmt":"2024-10-08T20:27:24","guid":{"rendered":"https:\/\/w3master.com.br\/modelo06\/?post_type=product&#038;p=829"},"modified":"2024-10-08T17:29:06","modified_gmt":"2024-10-08T20:29:06","slug":"gaiola-para-hamster-3-andares-azul-jel-plast","status":"publish","type":"product","link":"https:\/\/w3master.com.br\/modelo06\/product\/gaiola-para-hamster-3-andares-azul-jel-plast\/","title":{"rendered":"Gaiola para Hamster 3 Andares Azul Jel Plast"},"content":{"rendered":"<p>Al\u00e9m de ser espa\u00e7osa a\u00a0<strong>Gaiola 3 Andares Para Hamster Azul Jel Plast\u00a0Completa<\/strong>\u00a0, possui uma casinha que seu hamster ir\u00e1 amar, \u00a0e ainda uma rodinha para garantir a divers\u00e3o do seu roedor.<\/p>\n<p>Cabe lembrar que possui f\u00e1cil montagem oferecendo praticidade, al\u00e9m de f\u00e1cil higieniza\u00e7\u00e3o.<\/p>\n<p>Sua composi\u00e7\u00e3o conta com Arame btc com prote\u00e7\u00e3o anti ferrugem, tinta ep\u00f3xi e acess\u00f3rios em resina pl\u00e1stica de alta resist\u00eancia.<\/p>\n<p>Os itens inclusos na embalagem s\u00e3o:<br \/>\nArma\u00e7\u00e3o, 1 casinha pl\u00e1stica, 1 rodinha pl\u00e1stica, 1 comedouro, 3 andares em pl\u00e1stico, 1 bandeja pl\u00e1stica, 3 escadinhas em pl\u00e1stico, 1 kit de tubos (10 curvas, 3 retas, 1 T, 2 tampas), 3 placas e 14 an\u00e9is.<\/p>\n","protected":false},"excerpt":{"rendered":"<p>Al\u00e9m de ser espa\u00e7osa a\u00a0Gaiola 3 Andares Para Hamster Azul Jel Plast\u00a0Completa\u00a0, possui uma casinha que seu hamster ir\u00e1 amar, \u00a0e ainda uma rodinha para garantir a divers\u00e3o do seu roedor. Cabe lembrar que possui f\u00e1cil montagem oferecendo praticidade, al\u00e9m de f\u00e1cil higieniza\u00e7\u00e3o. Sua composi\u00e7\u00e3o conta com Arame btc com prote\u00e7\u00e3o anti ferrugem, tinta ep\u00f3xi [&hellip;]<\/p>\n","protected":false},"featured_media":830,"comment_status":"open","ping_status":"closed","template":"","meta":[],"product_cat":[84,81,83],"product_tag":[],"class_list":{"0":"post-829","1":"product","2":"type-product","3":"status-publish","4":"has-post-thumbnail","6":"product_cat-hamsters-e-twisters","7":"product_cat-outros-pets","8":"product_cat-porquinhos-da-india-e-gerbil","10":"first","11":"instock","12":"shipping-taxable","13":"purchasable","14":"product-type-simple"},"_links":{"self":[{"href":"https:\/\/w3master.com.br\/modelo06\/wp-json\/wp\/v2\/product\/829"}],"collection":[{"href":"https:\/\/w3master.com.br\/modelo06\/wp-json\/wp\/v2\/product"}],"about":[{"href":"https:\/\/w3master.com.br\/modelo06\/wp-json\/wp\/v2\/types\/product"}],"replies":[{"embeddable":true,"href":"https:\/\/w3master.com.br\/modelo06\/wp-json\/wp\/v2\/comments?post=829"}],"wp:featuredmedia":[{"embeddable":true,"href":"https:\/\/w3master.com.br\/modelo06\/wp-json\/wp\/v2\/media\/830"}],"wp:attachment":[{"href":"https:\/\/w3master.com.br\/modelo06\/wp-json\/wp\/v2\/media?parent=829"}],"wp:term":[{"taxonomy":"product_cat","embeddable":true,"href":"https:\/\/w3master.com.br\/modelo06\/wp-json\/wp\/v2\/product_cat?post=829"},{"taxonomy":"product_tag","embeddable":true,"href":"https:\/\/w3master.com.br\/modelo06\/wp-json\/wp\/v2\/product_tag?post=829"}],"curies":[{"name":"wp","href":"https:\/\/api.w.org\/{rel}","templated":true}]}}