{"id":725,"date":"2024-10-17T18:05:39","date_gmt":"2024-10-17T21:05:39","guid":{"rendered":"https:\/\/w3master.com.br\/modelo08\/?post_type=product&#038;p=725"},"modified":"2024-10-17T18:22:26","modified_gmt":"2024-10-17T21:22:26","slug":"regata-infantil-de-basquete-tarmak","status":"publish","type":"product","link":"https:\/\/w3master.com.br\/modelo08\/product\/regata-infantil-de-basquete-tarmak\/","title":{"rendered":"Regata Infantil de Basquete Tarmak"},"content":{"rendered":"<p class=\"technical-title\">Quem desenvolve os produtos para os seus filhos?<\/p>\n<p class=\"technical-description\">Tarmak \u00e9 uma equipe dedicada que trabalha no desenvolvimento de produtos destinados \u00e0 pr\u00e1tica de basquete. Toda a gama t\u00eaxtil \u00e9 criada para responder \u00e0s solicita\u00e7\u00f5es dos jogadores e jogadoras mais exigentes e fazer com que sintam m\u00e1ximo prazer durante as suas sess\u00f5es de treino.<\/p>\n","protected":false},"excerpt":{"rendered":"<p>Quem desenvolve os produtos para os seus filhos? Tarmak \u00e9 uma equipe dedicada que trabalha no desenvolvimento de produtos destinados \u00e0 pr\u00e1tica de basquete. Toda a gama t\u00eaxtil \u00e9 criada para responder \u00e0s solicita\u00e7\u00f5es dos jogadores e jogadoras mais exigentes e fazer com que sintam m\u00e1ximo prazer durante as suas sess\u00f5es de treino.<\/p>\n","protected":false},"featured_media":726,"comment_status":"open","ping_status":"closed","template":"","meta":[],"product_cat":[61,59,66,69,56,71],"product_tag":[],"class_list":{"0":"post-725","1":"product","2":"type-product","3":"status-publish","4":"has-post-thumbnail","6":"product_cat-basquete","7":"product_cat-infantil","8":"product_cat-marcas","9":"product_cat-menino","10":"product_cat-navegue-por-esportes","11":"product_cat-tarmak","13":"first","14":"instock","15":"shipping-taxable","16":"purchasable","17":"product-type-simple"},"_links":{"self":[{"href":"https:\/\/w3master.com.br\/modelo08\/wp-json\/wp\/v2\/product\/725"}],"collection":[{"href":"https:\/\/w3master.com.br\/modelo08\/wp-json\/wp\/v2\/product"}],"about":[{"href":"https:\/\/w3master.com.br\/modelo08\/wp-json\/wp\/v2\/types\/product"}],"replies":[{"embeddable":true,"href":"https:\/\/w3master.com.br\/modelo08\/wp-json\/wp\/v2\/comments?post=725"}],"wp:featuredmedia":[{"embeddable":true,"href":"https:\/\/w3master.com.br\/modelo08\/wp-json\/wp\/v2\/media\/726"}],"wp:attachment":[{"href":"https:\/\/w3master.com.br\/modelo08\/wp-json\/wp\/v2\/media?parent=725"}],"wp:term":[{"taxonomy":"product_cat","embeddable":true,"href":"https:\/\/w3master.com.br\/modelo08\/wp-json\/wp\/v2\/product_cat?post=725"},{"taxonomy":"product_tag","embeddable":true,"href":"https:\/\/w3master.com.br\/modelo08\/wp-json\/wp\/v2\/product_tag?post=725"}],"curies":[{"name":"wp","href":"https:\/\/api.w.org\/{rel}","templated":true}]}}