{"id":730,"date":"2024-10-17T18:23:28","date_gmt":"2024-10-17T21:23:28","guid":{"rendered":"https:\/\/w3master.com.br\/modelo08\/?post_type=product&#038;p=730"},"modified":"2024-10-17T18:24:59","modified_gmt":"2024-10-17T21:24:59","slug":"elastico-de-cabelo-de-basquete-hairband-conjunto-de-3-tarmak","status":"publish","type":"product","link":"https:\/\/w3master.com.br\/modelo08\/product\/elastico-de-cabelo-de-basquete-hairband-conjunto-de-3-tarmak\/","title":{"rendered":"El\u00e1stico de Cabelo de Basquete Hairband (conjunto de 3) Tarmak"},"content":{"rendered":"<div class=\"technical-item\">\n<p class=\"technical-title\">Porqu\u00ea usar um el\u00e1stico para seus treinos:<\/p>\n<p class=\"technical-description\">Muitos atletas usam cabelo comprido e isso pode ser incomodativo durante a pr\u00e1tica, e com isso voc\u00ea poder\u00e1 concentrar-se totalmente no jogo!<\/p>\n<\/div>\n<div class=\"technical-item\">\n<p class=\"technical-title\">Quem desenvolve os produtos de basquete<\/p>\n<p class=\"technical-description\">Tarmak \u00e9 uma equipe dedicada que trabalha no desenvolvimento de produtos destinados \u00e0 pr\u00e1tica de basquete. Toda a gama t\u00eaxtil \u00e9 concebida para responder \u00e0s solicita\u00e7\u00f5es dos jogadores e jogadoras mais exigentes e fazer com que sintam m\u00e1ximo prazer durante as suas sess\u00f5es de treino<\/p>\n<\/div>\n","protected":false},"excerpt":{"rendered":"<p>Porqu\u00ea usar um el\u00e1stico para seus treinos: Muitos atletas usam cabelo comprido e isso pode ser incomodativo durante a pr\u00e1tica, e com isso voc\u00ea poder\u00e1 concentrar-se totalmente no jogo! Quem desenvolve os produtos de basquete Tarmak \u00e9 uma equipe dedicada que trabalha no desenvolvimento de produtos destinados \u00e0 pr\u00e1tica de basquete. Toda a gama t\u00eaxtil [&hellip;]<\/p>\n","protected":false},"featured_media":731,"comment_status":"open","ping_status":"closed","template":"","meta":[],"product_cat":[60,61,66,56,71],"product_tag":[],"class_list":{"0":"post-730","1":"product","2":"type-product","3":"status-publish","4":"has-post-thumbnail","6":"product_cat-acessorios","7":"product_cat-basquete","8":"product_cat-marcas","9":"product_cat-navegue-por-esportes","10":"product_cat-tarmak","12":"first","13":"instock","14":"shipping-taxable","15":"purchasable","16":"product-type-simple"},"_links":{"self":[{"href":"https:\/\/w3master.com.br\/modelo08\/wp-json\/wp\/v2\/product\/730"}],"collection":[{"href":"https:\/\/w3master.com.br\/modelo08\/wp-json\/wp\/v2\/product"}],"about":[{"href":"https:\/\/w3master.com.br\/modelo08\/wp-json\/wp\/v2\/types\/product"}],"replies":[{"embeddable":true,"href":"https:\/\/w3master.com.br\/modelo08\/wp-json\/wp\/v2\/comments?post=730"}],"wp:featuredmedia":[{"embeddable":true,"href":"https:\/\/w3master.com.br\/modelo08\/wp-json\/wp\/v2\/media\/731"}],"wp:attachment":[{"href":"https:\/\/w3master.com.br\/modelo08\/wp-json\/wp\/v2\/media?parent=730"}],"wp:term":[{"taxonomy":"product_cat","embeddable":true,"href":"https:\/\/w3master.com.br\/modelo08\/wp-json\/wp\/v2\/product_cat?post=730"},{"taxonomy":"product_tag","embeddable":true,"href":"https:\/\/w3master.com.br\/modelo08\/wp-json\/wp\/v2\/product_tag?post=730"}],"curies":[{"name":"wp","href":"https:\/\/api.w.org\/{rel}","templated":true}]}}