{"id":734,"date":"2024-10-17T18:27:40","date_gmt":"2024-10-17T21:27:40","guid":{"rendered":"https:\/\/w3master.com.br\/modelo08\/?post_type=product&#038;p=734"},"modified":"2024-10-17T18:29:52","modified_gmt":"2024-10-17T21:29:52","slug":"calca-termica-3-4-masculina-de-basquete-500-nba-golden-state-warriors","status":"publish","type":"product","link":"https:\/\/w3master.com.br\/modelo08\/product\/calca-termica-3-4-masculina-de-basquete-500-nba-golden-state-warriors\/","title":{"rendered":"Cal\u00e7a T\u00e9rmica 3\/4 masculina de basquete 500 NBA Golden State Warriors"},"content":{"rendered":"<div class=\"benefit-item\">\n<div class=\"benefit-content\">\n<p class=\"benefit-title\">Elimina\u00e7\u00e3o da transpira\u00e7\u00e3o<\/p>\n<p class=\"benefit-description\">O tecido absorve a humidade e elimina-a para fora do tecido.<\/p>\n<\/div>\n<\/div>\n<div class=\"benefit-item\">\n<div class=\"benefit-content\">\n<p class=\"benefit-title\">Resist\u00eancia \u00e0 abras\u00e3o<\/p>\n<p class=\"benefit-description\">Componente antiabras\u00e3o na zona dos joelhos p\/ limitar o aparecimento de rasg\u00f5es<\/p>\n<\/div>\n<\/div>\n","protected":false},"excerpt":{"rendered":"<p>Elimina\u00e7\u00e3o da transpira\u00e7\u00e3o O tecido absorve a humidade e elimina-a para fora do tecido. Resist\u00eancia \u00e0 abras\u00e3o Componente antiabras\u00e3o na zona dos joelhos p\/ limitar o aparecimento de rasg\u00f5es<\/p>\n","protected":false},"featured_media":735,"comment_status":"open","ping_status":"closed","template":"","meta":[],"product_cat":[61,58,56],"product_tag":[],"class_list":{"0":"post-734","1":"product","2":"type-product","3":"status-publish","4":"has-post-thumbnail","6":"product_cat-basquete","7":"product_cat-masculino","8":"product_cat-navegue-por-esportes","10":"first","11":"instock","12":"sale","13":"shipping-taxable","14":"purchasable","15":"product-type-simple"},"_links":{"self":[{"href":"https:\/\/w3master.com.br\/modelo08\/wp-json\/wp\/v2\/product\/734"}],"collection":[{"href":"https:\/\/w3master.com.br\/modelo08\/wp-json\/wp\/v2\/product"}],"about":[{"href":"https:\/\/w3master.com.br\/modelo08\/wp-json\/wp\/v2\/types\/product"}],"replies":[{"embeddable":true,"href":"https:\/\/w3master.com.br\/modelo08\/wp-json\/wp\/v2\/comments?post=734"}],"wp:featuredmedia":[{"embeddable":true,"href":"https:\/\/w3master.com.br\/modelo08\/wp-json\/wp\/v2\/media\/735"}],"wp:attachment":[{"href":"https:\/\/w3master.com.br\/modelo08\/wp-json\/wp\/v2\/media?parent=734"}],"wp:term":[{"taxonomy":"product_cat","embeddable":true,"href":"https:\/\/w3master.com.br\/modelo08\/wp-json\/wp\/v2\/product_cat?post=734"},{"taxonomy":"product_tag","embeddable":true,"href":"https:\/\/w3master.com.br\/modelo08\/wp-json\/wp\/v2\/product_tag?post=734"}],"curies":[{"name":"wp","href":"https:\/\/api.w.org\/{rel}","templated":true}]}}