{"id":742,"date":"2024-10-17T19:02:37","date_gmt":"2024-10-17T22:02:37","guid":{"rendered":"https:\/\/w3master.com.br\/modelo08\/?post_type=product&#038;p=742"},"modified":"2024-10-17T19:04:50","modified_gmt":"2024-10-17T22:04:50","slug":"luvas-adulto-de-futebol-americano-af550-kipsta","status":"publish","type":"product","link":"https:\/\/w3master.com.br\/modelo08\/product\/luvas-adulto-de-futebol-americano-af550-kipsta\/","title":{"rendered":"Luvas Adulto de Futebol Americano AF550 Kipsta"},"content":{"rendered":"<div class=\"benefit-item\">\n<div class=\"benefit-content\">\n<p class=\"benefit-title\">Ader\u00eancia<\/p>\n<p>Melhor ader\u00eancia a bola gra\u00e7as \u00e0 textura estampada da palma da m\u00e3o.<\/p><\/div>\n<\/div>\n<div class=\"benefit-item\">\n<div class=\"benefit-content\">\n<p class=\"benefit-title\">Adaptabilidade morfol\u00f3gica<\/p>\n<p class=\"benefit-description\">Luvas que moldam perfeitamente as palmas das m\u00e3os.<\/p>\n<\/div>\n<\/div>\n<div class=\"benefit-item\">\n<div class=\"benefit-content\">\n<p class=\"benefit-title\">Estabilidade<\/p>\n<p class=\"benefit-description\">Bandas autoaderentes permitem fechar as luvas com maior facilidade.<\/p>\n<\/div>\n<\/div>\n","protected":false},"excerpt":{"rendered":"<p>Ader\u00eancia Melhor ader\u00eancia a bola gra\u00e7as \u00e0 textura estampada da palma da m\u00e3o. Adaptabilidade morfol\u00f3gica Luvas que moldam perfeitamente as palmas das m\u00e3os. Estabilidade Bandas autoaderentes permitem fechar as luvas com maior facilidade.<\/p>\n","protected":false},"featured_media":744,"comment_status":"open","ping_status":"closed","template":"","meta":[],"product_cat":[60,64,72,66,58,56],"product_tag":[],"class_list":{"0":"post-742","1":"product","2":"type-product","3":"status-publish","4":"has-post-thumbnail","6":"product_cat-acessorios","7":"product_cat-futebol","8":"product_cat-kipsta","9":"product_cat-marcas","10":"product_cat-masculino","11":"product_cat-navegue-por-esportes","13":"first","14":"instock","15":"shipping-taxable","16":"purchasable","17":"product-type-simple"},"_links":{"self":[{"href":"https:\/\/w3master.com.br\/modelo08\/wp-json\/wp\/v2\/product\/742"}],"collection":[{"href":"https:\/\/w3master.com.br\/modelo08\/wp-json\/wp\/v2\/product"}],"about":[{"href":"https:\/\/w3master.com.br\/modelo08\/wp-json\/wp\/v2\/types\/product"}],"replies":[{"embeddable":true,"href":"https:\/\/w3master.com.br\/modelo08\/wp-json\/wp\/v2\/comments?post=742"}],"wp:featuredmedia":[{"embeddable":true,"href":"https:\/\/w3master.com.br\/modelo08\/wp-json\/wp\/v2\/media\/744"}],"wp:attachment":[{"href":"https:\/\/w3master.com.br\/modelo08\/wp-json\/wp\/v2\/media?parent=742"}],"wp:term":[{"taxonomy":"product_cat","embeddable":true,"href":"https:\/\/w3master.com.br\/modelo08\/wp-json\/wp\/v2\/product_cat?post=742"},{"taxonomy":"product_tag","embeddable":true,"href":"https:\/\/w3master.com.br\/modelo08\/wp-json\/wp\/v2\/product_tag?post=742"}],"curies":[{"name":"wp","href":"https:\/\/api.w.org\/{rel}","templated":true}]}}