{"id":749,"date":"2024-10-17T19:11:55","date_gmt":"2024-10-17T22:11:55","guid":{"rendered":"https:\/\/w3master.com.br\/modelo08\/?post_type=product&#038;p=749"},"modified":"2024-10-17T19:18:08","modified_gmt":"2024-10-17T22:18:08","slug":"chuteira-de-futebol-agility-100-kipsta","status":"publish","type":"product","link":"https:\/\/w3master.com.br\/modelo08\/product\/chuteira-de-futebol-agility-100-kipsta\/","title":{"rendered":"Chuteira de Futebol Agility 100 &#8211; Kipsta"},"content":{"rendered":"<div class=\"benefit-item\">\n<div class=\"benefit-content\">\n<p class=\"benefit-title\">Leveza<\/p>\n<p class=\"benefit-description\">Material que garante maior leveza<\/p>\n<\/div>\n<\/div>\n<div class=\"benefit-item\">\n<div class=\"benefit-content\">\n<p class=\"benefit-title\">Resist\u00eancia<\/p>\n<p class=\"benefit-description\">Cabedal PU at\u00f3xico, garantindo resist\u00eancia e conforto<\/p>\n<\/div>\n<\/div>\n<div class=\"benefit-item\">\n<div class=\"benefit-content\">\n<p class=\"benefit-title\">Ader\u00eancia<\/p>\n<p class=\"benefit-description\">Solado de borracha, garantindo uma boa ader\u00eancia ao solo e tecnologia NO MARKING<\/p>\n<\/div>\n<\/div>\n<div class=\"benefit-item\">\n<div class=\"benefit-content\">\n<p class=\"benefit-title\">Amortecimento<\/p>\n<p class=\"benefit-description\">Palmilha em EVA, com 6mm de espessura garantindo maior conforto e amortecimento<\/p>\n<\/div>\n<\/div>\n","protected":false},"excerpt":{"rendered":"<p>Leveza Material que garante maior leveza Resist\u00eancia Cabedal PU at\u00f3xico, garantindo resist\u00eancia e conforto Ader\u00eancia Solado de borracha, garantindo uma boa ader\u00eancia ao solo e tecnologia NO MARKING Amortecimento Palmilha em EVA, com 6mm de espessura garantindo maior conforto e amortecimento<\/p>\n","protected":false},"featured_media":751,"comment_status":"open","ping_status":"closed","template":"","meta":[],"product_cat":[57,64,59,72,66,58,70,69,56],"product_tag":[],"class_list":{"0":"post-749","1":"product","2":"type-product","3":"status-publish","4":"has-post-thumbnail","6":"product_cat-feminino","7":"product_cat-futebol","8":"product_cat-infantil","9":"product_cat-kipsta","10":"product_cat-marcas","11":"product_cat-masculino","12":"product_cat-menina","13":"product_cat-menino","14":"product_cat-navegue-por-esportes","16":"first","17":"instock","18":"shipping-taxable","19":"purchasable","20":"product-type-simple"},"_links":{"self":[{"href":"https:\/\/w3master.com.br\/modelo08\/wp-json\/wp\/v2\/product\/749"}],"collection":[{"href":"https:\/\/w3master.com.br\/modelo08\/wp-json\/wp\/v2\/product"}],"about":[{"href":"https:\/\/w3master.com.br\/modelo08\/wp-json\/wp\/v2\/types\/product"}],"replies":[{"embeddable":true,"href":"https:\/\/w3master.com.br\/modelo08\/wp-json\/wp\/v2\/comments?post=749"}],"wp:featuredmedia":[{"embeddable":true,"href":"https:\/\/w3master.com.br\/modelo08\/wp-json\/wp\/v2\/media\/751"}],"wp:attachment":[{"href":"https:\/\/w3master.com.br\/modelo08\/wp-json\/wp\/v2\/media?parent=749"}],"wp:term":[{"taxonomy":"product_cat","embeddable":true,"href":"https:\/\/w3master.com.br\/modelo08\/wp-json\/wp\/v2\/product_cat?post=749"},{"taxonomy":"product_tag","embeddable":true,"href":"https:\/\/w3master.com.br\/modelo08\/wp-json\/wp\/v2\/product_tag?post=749"}],"curies":[{"name":"wp","href":"https:\/\/api.w.org\/{rel}","templated":true}]}}