{"id":752,"date":"2024-10-17T19:28:35","date_gmt":"2024-10-17T22:28:35","guid":{"rendered":"https:\/\/w3master.com.br\/modelo08\/?post_type=product&#038;p=752"},"modified":"2024-10-17T19:29:13","modified_gmt":"2024-10-17T22:29:13","slug":"tenis-masculino-de-corrida-ultraboost-light-23-adidas","status":"publish","type":"product","link":"https:\/\/w3master.com.br\/modelo08\/product\/tenis-masculino-de-corrida-ultraboost-light-23-adidas\/","title":{"rendered":"T\u00eanis Masculino de Corrida Ultraboost Light 23 Adidas"},"content":{"rendered":"<div class=\"benefit-item\">\n<div class=\"benefit-content\">\n<p class=\"benefit-title\">Leveza<\/p>\n<p class=\"benefit-description\">O seu design molecular \u00fanico foi feito para a espuma BOOST mais leve j\u00e1 feita.<\/p>\n<\/div>\n<\/div>\n<div class=\"benefit-item\">\n<div class=\"benefit-content\">\n<p class=\"benefit-title\">Amortecimento<\/p>\n<p class=\"benefit-description\">O leve amortecimento BOOST faz de cada passo uma experi\u00eancia energizante.<\/p>\n<\/div>\n<\/div>\n<div class=\"benefit-item\">\n<div class=\"benefit-content\">\n<p class=\"benefit-title\">Estabilidade<\/p>\n<p class=\"benefit-description\">O cabedal PRIMEKNIT+FORGED acompanha os seus movimentos.<\/p>\n<\/div>\n<\/div>\n<div class=\"benefit-item\">\n<div class=\"benefit-content\">\n<p class=\"benefit-title\">Composi\u00e7\u00e3o<\/p>\n<p class=\"benefit-description\">Cont\u00e9m pelo menos 20% de materiais reciclados<\/p>\n<\/div>\n<\/div>\n","protected":false},"excerpt":{"rendered":"<p>Leveza O seu design molecular \u00fanico foi feito para a espuma BOOST mais leve j\u00e1 feita. Amortecimento O leve amortecimento BOOST faz de cada passo uma experi\u00eancia energizante. Estabilidade O cabedal PRIMEKNIT+FORGED acompanha os seus movimentos. Composi\u00e7\u00e3o Cont\u00e9m pelo menos 20% de materiais reciclados<\/p>\n","protected":false},"featured_media":753,"comment_status":"open","ping_status":"closed","template":"","meta":[],"product_cat":[68,74,66,58,56],"product_tag":[],"class_list":{"0":"post-752","1":"product","2":"type-product","3":"status-publish","4":"has-post-thumbnail","6":"product_cat-adidas","7":"product_cat-corrida","8":"product_cat-marcas","9":"product_cat-masculino","10":"product_cat-navegue-por-esportes","12":"first","13":"instock","14":"sale","15":"shipping-taxable","16":"purchasable","17":"product-type-simple"},"_links":{"self":[{"href":"https:\/\/w3master.com.br\/modelo08\/wp-json\/wp\/v2\/product\/752"}],"collection":[{"href":"https:\/\/w3master.com.br\/modelo08\/wp-json\/wp\/v2\/product"}],"about":[{"href":"https:\/\/w3master.com.br\/modelo08\/wp-json\/wp\/v2\/types\/product"}],"replies":[{"embeddable":true,"href":"https:\/\/w3master.com.br\/modelo08\/wp-json\/wp\/v2\/comments?post=752"}],"wp:featuredmedia":[{"embeddable":true,"href":"https:\/\/w3master.com.br\/modelo08\/wp-json\/wp\/v2\/media\/753"}],"wp:attachment":[{"href":"https:\/\/w3master.com.br\/modelo08\/wp-json\/wp\/v2\/media?parent=752"}],"wp:term":[{"taxonomy":"product_cat","embeddable":true,"href":"https:\/\/w3master.com.br\/modelo08\/wp-json\/wp\/v2\/product_cat?post=752"},{"taxonomy":"product_tag","embeddable":true,"href":"https:\/\/w3master.com.br\/modelo08\/wp-json\/wp\/v2\/product_tag?post=752"}],"curies":[{"name":"wp","href":"https:\/\/api.w.org\/{rel}","templated":true}]}}