{"id":754,"date":"2024-10-17T19:41:35","date_gmt":"2024-10-17T22:41:35","guid":{"rendered":"https:\/\/w3master.com.br\/modelo08\/?post_type=product&#038;p=754"},"modified":"2024-10-17T19:42:54","modified_gmt":"2024-10-17T22:42:54","slug":"tenis-feminino-de-corrida-galaxy-6-adidas","status":"publish","type":"product","link":"https:\/\/w3master.com.br\/modelo08\/product\/tenis-feminino-de-corrida-galaxy-6-adidas\/","title":{"rendered":"T\u00eanis Feminino de Corrida Galaxy 6 Adidas"},"content":{"rendered":"<div class=\"benefit-item\">\n<div class=\"benefit-content\">\n<div class=\"benefit-item\">\n<div class=\"benefit-content\">\n<p class=\"benefit-title\">Leveza<\/p>\n<p class=\"benefit-description\">O cabedal leve em mesh.<\/p>\n<\/div>\n<\/div>\n<div class=\"benefit-item\">\n<div class=\"benefit-content\">\n<p class=\"benefit-title\">Amortecimento<\/p>\n<p class=\"benefit-description\">Cloudfoam oferece uma sensa\u00e7\u00e3o de elasticidade e amortecimento.<\/p>\n<\/div>\n<\/div>\n<div class=\"benefit-item\">\n<div class=\"benefit-content\">\n<p class=\"benefit-title\">Ventila\u00e7\u00e3o<\/p>\n<p class=\"benefit-description\">Permite que o ar circule.<\/p>\n<\/div>\n<\/div>\n<\/div>\n<\/div>\n","protected":false},"excerpt":{"rendered":"<p>Leveza O cabedal leve em mesh. Amortecimento Cloudfoam oferece uma sensa\u00e7\u00e3o de elasticidade e amortecimento. Ventila\u00e7\u00e3o Permite que o ar circule.<\/p>\n","protected":false},"featured_media":755,"comment_status":"open","ping_status":"closed","template":"","meta":[],"product_cat":[68,74,57,66,56],"product_tag":[],"class_list":{"0":"post-754","1":"product","2":"type-product","3":"status-publish","4":"has-post-thumbnail","6":"product_cat-adidas","7":"product_cat-corrida","8":"product_cat-feminino","9":"product_cat-marcas","10":"product_cat-navegue-por-esportes","12":"first","13":"instock","14":"sale","15":"shipping-taxable","16":"purchasable","17":"product-type-simple"},"_links":{"self":[{"href":"https:\/\/w3master.com.br\/modelo08\/wp-json\/wp\/v2\/product\/754"}],"collection":[{"href":"https:\/\/w3master.com.br\/modelo08\/wp-json\/wp\/v2\/product"}],"about":[{"href":"https:\/\/w3master.com.br\/modelo08\/wp-json\/wp\/v2\/types\/product"}],"replies":[{"embeddable":true,"href":"https:\/\/w3master.com.br\/modelo08\/wp-json\/wp\/v2\/comments?post=754"}],"wp:featuredmedia":[{"embeddable":true,"href":"https:\/\/w3master.com.br\/modelo08\/wp-json\/wp\/v2\/media\/755"}],"wp:attachment":[{"href":"https:\/\/w3master.com.br\/modelo08\/wp-json\/wp\/v2\/media?parent=754"}],"wp:term":[{"taxonomy":"product_cat","embeddable":true,"href":"https:\/\/w3master.com.br\/modelo08\/wp-json\/wp\/v2\/product_cat?post=754"},{"taxonomy":"product_tag","embeddable":true,"href":"https:\/\/w3master.com.br\/modelo08\/wp-json\/wp\/v2\/product_tag?post=754"}],"curies":[{"name":"wp","href":"https:\/\/api.w.org\/{rel}","templated":true}]}}