{"id":760,"date":"2024-10-17T20:00:48","date_gmt":"2024-10-17T23:00:48","guid":{"rendered":"https:\/\/w3master.com.br\/modelo08\/?post_type=product&#038;p=760"},"modified":"2024-10-17T20:03:34","modified_gmt":"2024-10-17T23:03:34","slug":"shorts-feminino-de-corrida-mid-tight-kalenji","status":"publish","type":"product","link":"https:\/\/w3master.com.br\/modelo08\/product\/shorts-feminino-de-corrida-mid-tight-kalenji\/","title":{"rendered":"Shorts Feminino de Corrida Mid Tight Kalenji"},"content":{"rendered":"<div class=\"benefit-item\">\n<div class=\"benefit-content\">\n<div class=\"benefit-item\">\n<div class=\"benefit-content\">\n<div class=\"benefit-item\">\n<div class=\"benefit-content\">\n<div class=\"benefit-item\">\n<div class=\"benefit-content\">\n<p class=\"benefit-title\">Elimina\u00e7\u00e3o da transpira\u00e7\u00e3o<\/p>\n<p class=\"benefit-description\">Tecido que elimina a transpira\u00e7\u00e3o mantendo o corpo seco durante a corrida.<\/p>\n<\/div>\n<\/div>\n<div class=\"benefit-item\">\n<div class=\"benefit-content\">\n<p class=\"benefit-title\">Suavidade<\/p>\n<p class=\"benefit-description\">Componente com toque suave para o m\u00e1ximo conforto.<\/p>\n<\/div>\n<\/div>\n<div class=\"benefit-item\">\n<div class=\"benefit-content\">\n<p class=\"benefit-title\">Estabilidade<\/p>\n<p class=\"benefit-description\">Cintura larga com cord\u00e3o de aperto para um excelente suporte.<\/p>\n<\/div>\n<\/div>\n<div class=\"benefit-item\">\n<div class=\"benefit-content\">\n<p class=\"benefit-title\">Bolsos<\/p>\n<p class=\"benefit-description\">Bolso com z\u00edper para celular. Medidas do bolso: 15 x 7cm.<\/p>\n<\/div>\n<\/div>\n<\/div>\n<\/div>\n<\/div>\n<\/div>\n<\/div>\n<\/div>\n","protected":false},"excerpt":{"rendered":"<p>Elimina\u00e7\u00e3o da transpira\u00e7\u00e3o Tecido que elimina a transpira\u00e7\u00e3o mantendo o corpo seco durante a corrida. Suavidade Componente com toque suave para o m\u00e1ximo conforto. Estabilidade Cintura larga com cord\u00e3o de aperto para um excelente suporte. Bolsos Bolso com z\u00edper para celular. Medidas do bolso: 15 x 7cm.<\/p>\n","protected":false},"featured_media":761,"comment_status":"open","ping_status":"closed","template":"","meta":[],"product_cat":[62,74,57,66,73,56],"product_tag":[],"class_list":{"0":"post-760","1":"product","2":"type-product","3":"status-publish","4":"has-post-thumbnail","6":"product_cat-ciclismo","7":"product_cat-corrida","8":"product_cat-feminino","9":"product_cat-marcas","10":"product_cat-nabaiji","11":"product_cat-navegue-por-esportes","13":"first","14":"instock","15":"shipping-taxable","16":"purchasable","17":"product-type-simple"},"_links":{"self":[{"href":"https:\/\/w3master.com.br\/modelo08\/wp-json\/wp\/v2\/product\/760"}],"collection":[{"href":"https:\/\/w3master.com.br\/modelo08\/wp-json\/wp\/v2\/product"}],"about":[{"href":"https:\/\/w3master.com.br\/modelo08\/wp-json\/wp\/v2\/types\/product"}],"replies":[{"embeddable":true,"href":"https:\/\/w3master.com.br\/modelo08\/wp-json\/wp\/v2\/comments?post=760"}],"wp:featuredmedia":[{"embeddable":true,"href":"https:\/\/w3master.com.br\/modelo08\/wp-json\/wp\/v2\/media\/761"}],"wp:attachment":[{"href":"https:\/\/w3master.com.br\/modelo08\/wp-json\/wp\/v2\/media?parent=760"}],"wp:term":[{"taxonomy":"product_cat","embeddable":true,"href":"https:\/\/w3master.com.br\/modelo08\/wp-json\/wp\/v2\/product_cat?post=760"},{"taxonomy":"product_tag","embeddable":true,"href":"https:\/\/w3master.com.br\/modelo08\/wp-json\/wp\/v2\/product_tag?post=760"}],"curies":[{"name":"wp","href":"https:\/\/api.w.org\/{rel}","templated":true}]}}