{"id":762,"date":"2024-10-17T20:04:16","date_gmt":"2024-10-17T23:04:16","guid":{"rendered":"https:\/\/w3master.com.br\/modelo08\/?post_type=product&#038;p=762"},"modified":"2024-10-17T20:05:55","modified_gmt":"2024-10-17T23:05:55","slug":"camiseta-feminina-de-corrida-run-dry-kalenji","status":"publish","type":"product","link":"https:\/\/w3master.com.br\/modelo08\/product\/camiseta-feminina-de-corrida-run-dry-kalenji\/","title":{"rendered":"Camiseta Feminina de Corrida Run Dry Kalenji"},"content":{"rendered":"<div class=\"benefit-item\">\n<div class=\"benefit-content\">\n<div class=\"benefit-item\">\n<div class=\"benefit-content\">\n<div class=\"benefit-item\">\n<div class=\"benefit-content\">\n<div class=\"benefit-item\">\n<div class=\"benefit-content\">\n<div class=\"benefit-item\">\n<div class=\"benefit-content\">\n<p class=\"benefit-title\">Elimina\u00e7\u00e3o da transpira\u00e7\u00e3o<\/p>\n<p class=\"benefit-description\">Tecido que elimina a transpira\u00e7\u00e3o mantendo o corpo seco durante a corrida.<\/p>\n<\/div>\n<\/div>\n<div class=\"benefit-item\">\n<div class=\"benefit-content\">\n<p class=\"benefit-title\">Liberdade de movimentos<\/p>\n<p class=\"benefit-description\">Corte adaptado ao corpo feminino para melhor liberdade de movimentos.<\/p>\n<\/div>\n<\/div>\n<div class=\"benefit-item\">\n<div class=\"benefit-content\">\n<p class=\"benefit-title\">Visibilidade<\/p>\n<p class=\"benefit-description\">Elementos refletivos para maior seguran\u00e7a em locais de baixa luminosidade.<\/p>\n<\/div>\n<\/div>\n<\/div>\n<\/div>\n<\/div>\n<\/div>\n<\/div>\n<\/div>\n<\/div>\n<\/div>\n","protected":false},"excerpt":{"rendered":"<p>Elimina\u00e7\u00e3o da transpira\u00e7\u00e3o Tecido que elimina a transpira\u00e7\u00e3o mantendo o corpo seco durante a corrida. Liberdade de movimentos Corte adaptado ao corpo feminino para melhor liberdade de movimentos. Visibilidade Elementos refletivos para maior seguran\u00e7a em locais de baixa luminosidade.<\/p>\n","protected":false},"featured_media":763,"comment_status":"open","ping_status":"closed","template":"","meta":[],"product_cat":[62,74,57,66,73,56],"product_tag":[],"class_list":{"0":"post-762","1":"product","2":"type-product","3":"status-publish","4":"has-post-thumbnail","6":"product_cat-ciclismo","7":"product_cat-corrida","8":"product_cat-feminino","9":"product_cat-marcas","10":"product_cat-nabaiji","11":"product_cat-navegue-por-esportes","13":"first","14":"instock","15":"sale","16":"shipping-taxable","17":"purchasable","18":"product-type-simple"},"_links":{"self":[{"href":"https:\/\/w3master.com.br\/modelo08\/wp-json\/wp\/v2\/product\/762"}],"collection":[{"href":"https:\/\/w3master.com.br\/modelo08\/wp-json\/wp\/v2\/product"}],"about":[{"href":"https:\/\/w3master.com.br\/modelo08\/wp-json\/wp\/v2\/types\/product"}],"replies":[{"embeddable":true,"href":"https:\/\/w3master.com.br\/modelo08\/wp-json\/wp\/v2\/comments?post=762"}],"wp:featuredmedia":[{"embeddable":true,"href":"https:\/\/w3master.com.br\/modelo08\/wp-json\/wp\/v2\/media\/763"}],"wp:attachment":[{"href":"https:\/\/w3master.com.br\/modelo08\/wp-json\/wp\/v2\/media?parent=762"}],"wp:term":[{"taxonomy":"product_cat","embeddable":true,"href":"https:\/\/w3master.com.br\/modelo08\/wp-json\/wp\/v2\/product_cat?post=762"},{"taxonomy":"product_tag","embeddable":true,"href":"https:\/\/w3master.com.br\/modelo08\/wp-json\/wp\/v2\/product_tag?post=762"}],"curies":[{"name":"wp","href":"https:\/\/api.w.org\/{rel}","templated":true}]}}