{"id":764,"date":"2024-10-18T18:16:16","date_gmt":"2024-10-18T21:16:16","guid":{"rendered":"https:\/\/w3master.com.br\/modelo08\/?post_type=product&#038;p=764"},"modified":"2024-10-18T18:17:18","modified_gmt":"2024-10-18T21:17:18","slug":"nadadeira-de-natacao-curta-silifins-nabaiji","status":"publish","type":"product","link":"https:\/\/w3master.com.br\/modelo08\/product\/nadadeira-de-natacao-curta-silifins-nabaiji\/","title":{"rendered":"Nadadeira de Nata\u00e7\u00e3o Curta Silifins Nabaiji"},"content":{"rendered":"<div class=\"benefit-item\">\n<div class=\"benefit-content\">\n<div class=\"benefit-item\">\n<div class=\"benefit-content\">\n<div class=\"benefit-item\">\n<div class=\"benefit-content\">\n<div class=\"benefit-item\">\n<div class=\"benefit-content\">\n<div class=\"benefit-item\">\n<div class=\"benefit-content\">\n<div class=\"technical-item\">\n<p class=\"technical-title\">Para que servem as nadadeiras de nata\u00e7\u00e3o?<\/p>\n<p class=\"technical-description\">Uma nadadeira \u00e9 um material de treino que permite trabalhar a parte inferior do corpo. Trabalhar\u00e1 simultaneamente o ritmo card\u00edaco e o refor\u00e7o muscular da parte inferior do corpo (coxas, gl\u00fateos, g\u00e9meos, e a defini\u00e7\u00e3o dos m\u00fasculos).<\/p>\n<\/div>\n<div class=\"technical-item\">\n<p class=\"technical-title\">Rigidez da nadadeira<\/p>\n<p class=\"technical-description\">Nadadeiras flex\u00edveis, para movimentos mais eficazes e amplos dos p\u00e9s. A sua tonifica\u00e7\u00e3o muscular vai gerar o tipo de esfor\u00e7o que procura (esfor\u00e7o cardiovascular ou muscular)<\/p>\n<\/div>\n<\/div>\n<\/div>\n<\/div>\n<\/div>\n<\/div>\n<\/div>\n<\/div>\n<\/div>\n<\/div>\n<\/div>\n","protected":false},"excerpt":{"rendered":"<p>Para que servem as nadadeiras de nata\u00e7\u00e3o? Uma nadadeira \u00e9 um material de treino que permite trabalhar a parte inferior do corpo. Trabalhar\u00e1 simultaneamente o ritmo card\u00edaco e o refor\u00e7o muscular da parte inferior do corpo (coxas, gl\u00fateos, g\u00e9meos, e a defini\u00e7\u00e3o dos m\u00fasculos). Rigidez da nadadeira Nadadeiras flex\u00edveis, para movimentos mais eficazes e amplos [&hellip;]<\/p>\n","protected":false},"featured_media":765,"comment_status":"open","ping_status":"closed","template":"","meta":[],"product_cat":[60,57,66,58,73,63,56],"product_tag":[],"class_list":{"0":"post-764","1":"product","2":"type-product","3":"status-publish","4":"has-post-thumbnail","6":"product_cat-acessorios","7":"product_cat-feminino","8":"product_cat-marcas","9":"product_cat-masculino","10":"product_cat-nabaiji","11":"product_cat-natacao","12":"product_cat-navegue-por-esportes","14":"first","15":"instock","16":"shipping-taxable","17":"purchasable","18":"product-type-simple"},"_links":{"self":[{"href":"https:\/\/w3master.com.br\/modelo08\/wp-json\/wp\/v2\/product\/764"}],"collection":[{"href":"https:\/\/w3master.com.br\/modelo08\/wp-json\/wp\/v2\/product"}],"about":[{"href":"https:\/\/w3master.com.br\/modelo08\/wp-json\/wp\/v2\/types\/product"}],"replies":[{"embeddable":true,"href":"https:\/\/w3master.com.br\/modelo08\/wp-json\/wp\/v2\/comments?post=764"}],"wp:featuredmedia":[{"embeddable":true,"href":"https:\/\/w3master.com.br\/modelo08\/wp-json\/wp\/v2\/media\/765"}],"wp:attachment":[{"href":"https:\/\/w3master.com.br\/modelo08\/wp-json\/wp\/v2\/media?parent=764"}],"wp:term":[{"taxonomy":"product_cat","embeddable":true,"href":"https:\/\/w3master.com.br\/modelo08\/wp-json\/wp\/v2\/product_cat?post=764"},{"taxonomy":"product_tag","embeddable":true,"href":"https:\/\/w3master.com.br\/modelo08\/wp-json\/wp\/v2\/product_tag?post=764"}],"curies":[{"name":"wp","href":"https:\/\/api.w.org\/{rel}","templated":true}]}}