{"id":768,"date":"2024-10-18T18:19:02","date_gmt":"2024-10-18T21:19:02","guid":{"rendered":"https:\/\/w3master.com.br\/modelo08\/?post_type=product&#038;p=768"},"modified":"2024-10-18T18:47:20","modified_gmt":"2024-10-18T21:47:20","slug":"roupao-parka-masculino-adulto-para-natacao","status":"publish","type":"product","link":"https:\/\/w3master.com.br\/modelo08\/product\/roupao-parka-masculino-adulto-para-natacao\/","title":{"rendered":"Roup\u00e3o Parka Masculino Adulto para Nata\u00e7\u00e3o"},"content":{"rendered":"<div class=\"benefit-item\">\n<div class=\"benefit-content\">\n<div class=\"benefit-item\">\n<div class=\"benefit-content\">\n<div class=\"benefit-item\">\n<div class=\"benefit-content\">\n<div class=\"benefit-item\">\n<div class=\"benefit-content\">\n<div class=\"benefit-item\">\n<div class=\"benefit-content\">\n<div class=\"technical-item\">\n<div class=\"benefit-item\">\n<div class=\"benefit-content\">\n<p class=\"benefit-title\">Resist\u00eancia \u00e0 \u00e1gua<\/p>\n<p class=\"benefit-description\">Material externo ajuda a repelir pingos de \u00e1gua.<\/p>\n<\/div>\n<\/div>\n<div class=\"benefit-item\">\n<div class=\"benefit-content\">\n<p class=\"benefit-title\">Absor\u00e7\u00e3o<\/p>\n<p class=\"benefit-description\">Material interno absorve a \u00e1gua ajudando na secagem do corpo de forma r\u00e1pida.<\/p>\n<\/div>\n<\/div>\n<div class=\"benefit-item\">\n<div class=\"benefit-content\">\n<p class=\"benefit-title\">Conforto de utiliza\u00e7\u00e3o<\/p>\n<p class=\"benefit-description\">Mangas longas e capuz para maior conforto.<\/p>\n<\/div>\n<\/div>\n<\/div>\n<\/div>\n<\/div>\n<\/div>\n<\/div>\n<\/div>\n<\/div>\n<\/div>\n<\/div>\n<\/div>\n<\/div>\n","protected":false},"excerpt":{"rendered":"<p>Resist\u00eancia \u00e0 \u00e1gua Material externo ajuda a repelir pingos de \u00e1gua. Absor\u00e7\u00e3o Material interno absorve a \u00e1gua ajudando na secagem do corpo de forma r\u00e1pida. Conforto de utiliza\u00e7\u00e3o Mangas longas e capuz para maior conforto.<\/p>\n","protected":false},"featured_media":769,"comment_status":"open","ping_status":"closed","template":"","meta":[],"product_cat":[66,58,73,63,56],"product_tag":[],"class_list":{"0":"post-768","1":"product","2":"type-product","3":"status-publish","4":"has-post-thumbnail","6":"product_cat-marcas","7":"product_cat-masculino","8":"product_cat-nabaiji","9":"product_cat-natacao","10":"product_cat-navegue-por-esportes","12":"first","13":"instock","14":"shipping-taxable","15":"purchasable","16":"product-type-simple"},"_links":{"self":[{"href":"https:\/\/w3master.com.br\/modelo08\/wp-json\/wp\/v2\/product\/768"}],"collection":[{"href":"https:\/\/w3master.com.br\/modelo08\/wp-json\/wp\/v2\/product"}],"about":[{"href":"https:\/\/w3master.com.br\/modelo08\/wp-json\/wp\/v2\/types\/product"}],"replies":[{"embeddable":true,"href":"https:\/\/w3master.com.br\/modelo08\/wp-json\/wp\/v2\/comments?post=768"}],"wp:featuredmedia":[{"embeddable":true,"href":"https:\/\/w3master.com.br\/modelo08\/wp-json\/wp\/v2\/media\/769"}],"wp:attachment":[{"href":"https:\/\/w3master.com.br\/modelo08\/wp-json\/wp\/v2\/media?parent=768"}],"wp:term":[{"taxonomy":"product_cat","embeddable":true,"href":"https:\/\/w3master.com.br\/modelo08\/wp-json\/wp\/v2\/product_cat?post=768"},{"taxonomy":"product_tag","embeddable":true,"href":"https:\/\/w3master.com.br\/modelo08\/wp-json\/wp\/v2\/product_tag?post=768"}],"curies":[{"name":"wp","href":"https:\/\/api.w.org\/{rel}","templated":true}]}}