{"id":782,"date":"2024-10-18T18:37:21","date_gmt":"2024-10-18T21:37:21","guid":{"rendered":"https:\/\/w3master.com.br\/modelo08\/?post_type=product&#038;p=782"},"modified":"2024-10-18T18:40:03","modified_gmt":"2024-10-18T21:40:03","slug":"capacete-de-ciclismo-expl-100-rockrider","status":"publish","type":"product","link":"https:\/\/w3master.com.br\/modelo08\/product\/capacete-de-ciclismo-expl-100-rockrider\/","title":{"rendered":"Capacete de Ciclismo EXPL 100 Rockrider"},"content":{"rendered":"<div class=\"benefit-item\">\n<div class=\"benefit-content\">\n<div class=\"benefit-item\">\n<div class=\"benefit-content\">\n<div class=\"benefit-item\">\n<div class=\"benefit-content\">\n<div class=\"benefit-item\">\n<div class=\"benefit-content\">\n<div class=\"benefit-item\">\n<div class=\"benefit-content\">\n<div class=\"technical-item\">\n<div class=\"benefit-item\">\n<div class=\"benefit-content\">\n<div class=\"benefit-item\">\n<div class=\"benefit-content\">\n<p class=\"benefit-title\">Conforto de utiliza\u00e7\u00e3o<\/p>\n<ul>\n<li class=\"benefit-description\">Espumas de conforto amov\u00edveis para evitar os pontos de press\u00e3o<\/li>\n<\/ul>\n<\/div>\n<\/div>\n<div class=\"benefit-item\">\n<div class=\"benefit-content\">\n<p class=\"benefit-title\">Ajust\u00e1vel<\/p>\n<ul>\n<li class=\"benefit-description\">Adapta o capacete ao per\u00edmetro de cabe\u00e7a gra\u00e7as ao bot\u00e3o rotativo de ajuste.<\/li>\n<\/ul>\n<\/div>\n<\/div>\n<div class=\"benefit-item\">\n<div class=\"benefit-content\">\n<p class=\"benefit-title\">F\u00e1cil de usar<\/p>\n<ul>\n<li class=\"benefit-description\">Correias laterais ajust\u00e1veis<\/li>\n<\/ul>\n<\/div>\n<\/div>\n<div class=\"benefit-item\">\n<div class=\"benefit-content\">\n<p class=\"benefit-title\">Ventila\u00e7\u00e3o<\/p>\n<ul>\n<li class=\"benefit-description\">9 grandes canais de ventila\u00e7\u00e3o<\/li>\n<\/ul>\n<\/div>\n<\/div>\n<div class=\"benefit-item\">\n<div class=\"benefit-content\">\n<p class=\"benefit-title\">Prote\u00e7\u00e3o dos impactos<\/p>\n<ul>\n<li class=\"benefit-description\">Conforme com a EN 1078<\/li>\n<\/ul>\n<\/div>\n<\/div>\n<div class=\"benefit-item\">\n<div class=\"benefit-content\">\n<p class=\"benefit-title\">Peso<\/p>\n<ul>\n<li class=\"benefit-description\">Tamanho M: 340 g Tamanho G: 380 g<\/li>\n<\/ul>\n<\/div>\n<\/div>\n<\/div>\n<\/div>\n<\/div>\n<\/div>\n<\/div>\n<\/div>\n<\/div>\n<\/div>\n<\/div>\n<\/div>\n<\/div>\n<\/div>\n<\/div>\n","protected":false},"excerpt":{"rendered":"<p>Conforto de utiliza\u00e7\u00e3o Espumas de conforto amov\u00edveis para evitar os pontos de press\u00e3o Ajust\u00e1vel Adapta o capacete ao per\u00edmetro de cabe\u00e7a gra\u00e7as ao bot\u00e3o rotativo de ajuste. F\u00e1cil de usar Correias laterais ajust\u00e1veis Ventila\u00e7\u00e3o 9 grandes canais de ventila\u00e7\u00e3o Prote\u00e7\u00e3o dos impactos Conforme com a EN 1078 Peso Tamanho M: 340 g Tamanho G: 380 [&hellip;]<\/p>\n","protected":false},"featured_media":783,"comment_status":"open","ping_status":"closed","template":"","meta":[],"product_cat":[60,62,57,58,56],"product_tag":[],"class_list":{"0":"post-782","1":"product","2":"type-product","3":"status-publish","4":"has-post-thumbnail","6":"product_cat-acessorios","7":"product_cat-ciclismo","8":"product_cat-feminino","9":"product_cat-masculino","10":"product_cat-navegue-por-esportes","12":"first","13":"instock","14":"shipping-taxable","15":"purchasable","16":"product-type-simple"},"_links":{"self":[{"href":"https:\/\/w3master.com.br\/modelo08\/wp-json\/wp\/v2\/product\/782"}],"collection":[{"href":"https:\/\/w3master.com.br\/modelo08\/wp-json\/wp\/v2\/product"}],"about":[{"href":"https:\/\/w3master.com.br\/modelo08\/wp-json\/wp\/v2\/types\/product"}],"replies":[{"embeddable":true,"href":"https:\/\/w3master.com.br\/modelo08\/wp-json\/wp\/v2\/comments?post=782"}],"wp:featuredmedia":[{"embeddable":true,"href":"https:\/\/w3master.com.br\/modelo08\/wp-json\/wp\/v2\/media\/783"}],"wp:attachment":[{"href":"https:\/\/w3master.com.br\/modelo08\/wp-json\/wp\/v2\/media?parent=782"}],"wp:term":[{"taxonomy":"product_cat","embeddable":true,"href":"https:\/\/w3master.com.br\/modelo08\/wp-json\/wp\/v2\/product_cat?post=782"},{"taxonomy":"product_tag","embeddable":true,"href":"https:\/\/w3master.com.br\/modelo08\/wp-json\/wp\/v2\/product_tag?post=782"}],"curies":[{"name":"wp","href":"https:\/\/api.w.org\/{rel}","templated":true}]}}