{"id":784,"date":"2024-10-18T18:39:45","date_gmt":"2024-10-18T21:39:45","guid":{"rendered":"https:\/\/w3master.com.br\/modelo08\/?post_type=product&#038;p=784"},"modified":"2024-10-18T18:42:08","modified_gmt":"2024-10-18T21:42:08","slug":"oculos-de-ciclismo-roadr-900-fotocromaticos-van-rysel","status":"publish","type":"product","link":"https:\/\/w3master.com.br\/modelo08\/product\/oculos-de-ciclismo-roadr-900-fotocromaticos-van-rysel\/","title":{"rendered":"\u00d3culos de Ciclismo Roadr 900 Fotocrom\u00e1ticos Van Rysel"},"content":{"rendered":"<div class=\"benefit-item\">\n<div class=\"benefit-content\">\n<div class=\"benefit-item\">\n<div class=\"benefit-content\">\n<div class=\"benefit-item\">\n<div class=\"benefit-content\">\n<div class=\"benefit-item\">\n<div class=\"benefit-content\">\n<div class=\"benefit-item\">\n<div class=\"benefit-content\">\n<div class=\"technical-item\">\n<div class=\"benefit-item\">\n<div class=\"benefit-content\">\n<div class=\"technical-item\">\n<div class=\"benefit-item\">\n<div class=\"benefit-content\">\n<p class=\"benefit-title\">Prote\u00e7\u00e3o solar<\/p>\n<ul>\n<li class=\"benefit-description\">Lente fotocrom\u00e1tica cat. 1 a 3 &#8211; filtro 100% anti-UV: adaptam-se \u00e0 luminosidade<\/li>\n<\/ul>\n<\/div>\n<\/div>\n<div class=\"benefit-item\">\n<div class=\"benefit-content\">\n<p class=\"benefit-title\">Anti-embaciamento \/ anti-vapor<\/p>\n<ul>\n<li class=\"benefit-description\">Lentes ventiladas: limitam o embaciamento.<\/li>\n<\/ul>\n<\/div>\n<\/div>\n<div class=\"benefit-item\">\n<div class=\"benefit-content\">\n<p class=\"benefit-title\">Durabilidade<\/p>\n<ul>\n<li class=\"benefit-description\">Lentes em policarbonato com pl\u00e1stico de alta resist\u00eancia<\/li>\n<\/ul>\n<\/div>\n<\/div>\n<div class=\"benefit-item\">\n<div class=\"benefit-content\">\n<p class=\"benefit-title\">Tamanho da arma\u00e7\u00e3o<\/p>\n<ul>\n<li class=\"benefit-description\">Forma envolvente: protege os olhos do vento, dos salpicos e das intemp\u00e9ries<\/li>\n<\/ul>\n<\/div>\n<\/div>\n<div class=\"benefit-item\">\n<div class=\"benefit-content\">\n<p class=\"benefit-title\">Campo de vis\u00e3o<\/p>\n<ul>\n<li class=\"benefit-description\">Lentes de grande tamanho: proporcionam uma melhor vis\u00e3o perif\u00e9rica.<\/li>\n<\/ul>\n<\/div>\n<\/div>\n<div class=\"benefit-item\">\n<div class=\"benefit-content\">\n<p class=\"benefit-title\">Estabilidade<\/p>\n<ul>\n<li class=\"benefit-description\">Zona aderente nas extremidades hastes e apoio nasal: impede \u00f3culos de escorregar<\/li>\n<\/ul>\n<\/div>\n<\/div>\n<\/div>\n<\/div>\n<\/div>\n<\/div>\n<\/div>\n<\/div>\n<\/div>\n<\/div>\n<\/div>\n<\/div>\n<\/div>\n<\/div>\n<\/div>\n<\/div>\n","protected":false},"excerpt":{"rendered":"<p>Prote\u00e7\u00e3o solar Lente fotocrom\u00e1tica cat. 1 a 3 &#8211; filtro 100% anti-UV: adaptam-se \u00e0 luminosidade Anti-embaciamento \/ anti-vapor Lentes ventiladas: limitam o embaciamento. Durabilidade Lentes em policarbonato com pl\u00e1stico de alta resist\u00eancia Tamanho da arma\u00e7\u00e3o Forma envolvente: protege os olhos do vento, dos salpicos e das intemp\u00e9ries Campo de vis\u00e3o Lentes de grande tamanho: proporcionam [&hellip;]<\/p>\n","protected":false},"featured_media":786,"comment_status":"open","ping_status":"closed","template":"","meta":[],"product_cat":[60,62,57,58,56],"product_tag":[],"class_list":{"0":"post-784","1":"product","2":"type-product","3":"status-publish","4":"has-post-thumbnail","6":"product_cat-acessorios","7":"product_cat-ciclismo","8":"product_cat-feminino","9":"product_cat-masculino","10":"product_cat-navegue-por-esportes","12":"first","13":"instock","14":"shipping-taxable","15":"purchasable","16":"product-type-simple"},"_links":{"self":[{"href":"https:\/\/w3master.com.br\/modelo08\/wp-json\/wp\/v2\/product\/784"}],"collection":[{"href":"https:\/\/w3master.com.br\/modelo08\/wp-json\/wp\/v2\/product"}],"about":[{"href":"https:\/\/w3master.com.br\/modelo08\/wp-json\/wp\/v2\/types\/product"}],"replies":[{"embeddable":true,"href":"https:\/\/w3master.com.br\/modelo08\/wp-json\/wp\/v2\/comments?post=784"}],"wp:featuredmedia":[{"embeddable":true,"href":"https:\/\/w3master.com.br\/modelo08\/wp-json\/wp\/v2\/media\/786"}],"wp:attachment":[{"href":"https:\/\/w3master.com.br\/modelo08\/wp-json\/wp\/v2\/media?parent=784"}],"wp:term":[{"taxonomy":"product_cat","embeddable":true,"href":"https:\/\/w3master.com.br\/modelo08\/wp-json\/wp\/v2\/product_cat?post=784"},{"taxonomy":"product_tag","embeddable":true,"href":"https:\/\/w3master.com.br\/modelo08\/wp-json\/wp\/v2\/product_tag?post=784"}],"curies":[{"name":"wp","href":"https:\/\/api.w.org\/{rel}","templated":true}]}}