{"id":787,"date":"2024-10-18T18:42:11","date_gmt":"2024-10-18T21:42:11","guid":{"rendered":"https:\/\/w3master.com.br\/modelo08\/?post_type=product&#038;p=787"},"modified":"2024-10-18T18:43:26","modified_gmt":"2024-10-18T21:43:26","slug":"capacete-infantil-de-bicicleta-500-btwin","status":"publish","type":"product","link":"https:\/\/w3master.com.br\/modelo08\/product\/capacete-infantil-de-bicicleta-500-btwin\/","title":{"rendered":"Capacete Infantil de Bicicleta 500 Btwin"},"content":{"rendered":"<div class=\"benefit-item\">\n<div class=\"benefit-content\">\n<div class=\"benefit-item\">\n<div class=\"benefit-content\">\n<div class=\"benefit-item\">\n<div class=\"benefit-content\">\n<div class=\"benefit-item\">\n<div class=\"benefit-content\">\n<div class=\"benefit-item\">\n<div class=\"benefit-content\">\n<div class=\"technical-item\">\n<div class=\"benefit-item\">\n<div class=\"benefit-content\">\n<div class=\"technical-item\">\n<div class=\"technical-item\">\n<div class=\"benefit-item\">\n<div class=\"benefit-content\">\n<p class=\"benefit-title\">Prote\u00e7\u00e3o dos impactos<\/p>\n<ul>\n<li class=\"benefit-description\">Estrutura protetora em EPS, em conformidade com a norma EN 1078.<\/li>\n<\/ul>\n<\/div>\n<\/div>\n<div class=\"benefit-item\">\n<div class=\"benefit-content\">\n<p class=\"benefit-title\">Ajust\u00e1vel<\/p>\n<ul>\n<li class=\"benefit-description\">Bot\u00e3o rotativo atr\u00e1s para ajustar o capacete e correias laterais ajust\u00e1veis.<\/li>\n<\/ul>\n<\/div>\n<\/div>\n<div class=\"benefit-item\">\n<div class=\"benefit-content\">\n<p class=\"benefit-title\">Ventila\u00e7\u00e3o<\/p>\n<ul>\n<li class=\"benefit-description\">6 aberturas de ventila\u00e7\u00e3o.<\/li>\n<\/ul>\n<\/div>\n<\/div>\n<div class=\"benefit-item\">\n<div class=\"benefit-content\">\n<p class=\"benefit-title\">Leveza<\/p>\n<ul>\n<li class=\"benefit-description\">Peso: 200 g no tamanho XS e 220 g no S.<\/li>\n<\/ul>\n<\/div>\n<\/div>\n<\/div>\n<\/div>\n<\/div>\n<\/div>\n<\/div>\n<\/div>\n<\/div>\n<\/div>\n<\/div>\n<\/div>\n<\/div>\n<\/div>\n<\/div>\n<\/div>\n<\/div>\n","protected":false},"excerpt":{"rendered":"<p>Prote\u00e7\u00e3o dos impactos Estrutura protetora em EPS, em conformidade com a norma EN 1078. Ajust\u00e1vel Bot\u00e3o rotativo atr\u00e1s para ajustar o capacete e correias laterais ajust\u00e1veis. Ventila\u00e7\u00e3o 6 aberturas de ventila\u00e7\u00e3o. Leveza Peso: 200 g no tamanho XS e 220 g no S.<\/p>\n","protected":false},"featured_media":788,"comment_status":"open","ping_status":"closed","template":"","meta":[],"product_cat":[60,62,59,70,69,56],"product_tag":[],"class_list":{"0":"post-787","1":"product","2":"type-product","3":"status-publish","4":"has-post-thumbnail","6":"product_cat-acessorios","7":"product_cat-ciclismo","8":"product_cat-infantil","9":"product_cat-menina","10":"product_cat-menino","11":"product_cat-navegue-por-esportes","13":"first","14":"instock","15":"shipping-taxable","16":"purchasable","17":"product-type-simple"},"_links":{"self":[{"href":"https:\/\/w3master.com.br\/modelo08\/wp-json\/wp\/v2\/product\/787"}],"collection":[{"href":"https:\/\/w3master.com.br\/modelo08\/wp-json\/wp\/v2\/product"}],"about":[{"href":"https:\/\/w3master.com.br\/modelo08\/wp-json\/wp\/v2\/types\/product"}],"replies":[{"embeddable":true,"href":"https:\/\/w3master.com.br\/modelo08\/wp-json\/wp\/v2\/comments?post=787"}],"wp:featuredmedia":[{"embeddable":true,"href":"https:\/\/w3master.com.br\/modelo08\/wp-json\/wp\/v2\/media\/788"}],"wp:attachment":[{"href":"https:\/\/w3master.com.br\/modelo08\/wp-json\/wp\/v2\/media?parent=787"}],"wp:term":[{"taxonomy":"product_cat","embeddable":true,"href":"https:\/\/w3master.com.br\/modelo08\/wp-json\/wp\/v2\/product_cat?post=787"},{"taxonomy":"product_tag","embeddable":true,"href":"https:\/\/w3master.com.br\/modelo08\/wp-json\/wp\/v2\/product_tag?post=787"}],"curies":[{"name":"wp","href":"https:\/\/api.w.org\/{rel}","templated":true}]}}