{"id":707,"date":"2024-10-13T18:39:32","date_gmt":"2024-10-13T21:39:32","guid":{"rendered":"https:\/\/w3master.com.br\/modelo09\/?post_type=product&#038;p=707"},"modified":"2024-10-13T18:47:01","modified_gmt":"2024-10-13T21:47:01","slug":"blusa-polo-cropped-manga-curta-amarela","status":"publish","type":"product","link":"https:\/\/w3master.com.br\/modelo09\/product\/blusa-polo-cropped-manga-curta-amarela\/","title":{"rendered":"Blusa Polo Cropped Manga Curta Amarela"},"content":{"rendered":"<p>Blusa Polo confeccionada em meia malha. Estilosa e confort\u00e1vel, possui modelagem cropped, mangas curtas, gola retil\u00ednea e estampa lisa em toda pe\u00e7a. Al\u00e9m disso, conta com aroma calmante de camomila, que \u00e9 liberado com o atrito do uso. Aposte! \u00c9 o look perfeito para sua pequena aproveitar todos os momentos!<br \/>\n\u2022 Blusa Polo<br \/>\n\u2022 Modelagem cropped<br \/>\n\u2022 Manga curta<br \/>\n\u2022 Estampa lisa<br \/>\n\u2022 Meia malha<\/p>\n","protected":false},"excerpt":{"rendered":"<p>Blusa Polo confeccionada em meia malha. Estilosa e confort\u00e1vel, possui modelagem cropped, mangas curtas, gola retil\u00ednea e estampa lisa em toda pe\u00e7a. Al\u00e9m disso, conta com aroma calmante de camomila, que \u00e9 liberado com o atrito do uso. Aposte! \u00c9 o look perfeito para sua pequena aproveitar todos os momentos! \u2022 Blusa Polo \u2022 Modelagem [&hellip;]<\/p>\n","protected":false},"featured_media":703,"comment_status":"open","ping_status":"closed","template":"","meta":[],"product_cat":[56],"product_tag":[],"class_list":{"0":"post-707","1":"product","2":"type-product","3":"status-publish","4":"has-post-thumbnail","6":"product_cat-camiseta","8":"first","9":"instock","10":"shipping-taxable","11":"purchasable","12":"product-type-variable"},"_links":{"self":[{"href":"https:\/\/w3master.com.br\/modelo09\/wp-json\/wp\/v2\/product\/707"}],"collection":[{"href":"https:\/\/w3master.com.br\/modelo09\/wp-json\/wp\/v2\/product"}],"about":[{"href":"https:\/\/w3master.com.br\/modelo09\/wp-json\/wp\/v2\/types\/product"}],"replies":[{"embeddable":true,"href":"https:\/\/w3master.com.br\/modelo09\/wp-json\/wp\/v2\/comments?post=707"}],"wp:featuredmedia":[{"embeddable":true,"href":"https:\/\/w3master.com.br\/modelo09\/wp-json\/wp\/v2\/media\/703"}],"wp:attachment":[{"href":"https:\/\/w3master.com.br\/modelo09\/wp-json\/wp\/v2\/media?parent=707"}],"wp:term":[{"taxonomy":"product_cat","embeddable":true,"href":"https:\/\/w3master.com.br\/modelo09\/wp-json\/wp\/v2\/product_cat?post=707"},{"taxonomy":"product_tag","embeddable":true,"href":"https:\/\/w3master.com.br\/modelo09\/wp-json\/wp\/v2\/product_tag?post=707"}],"curies":[{"name":"wp","href":"https:\/\/api.w.org\/{rel}","templated":true}]}}