{"id":732,"date":"2024-10-13T18:52:46","date_gmt":"2024-10-13T21:52:46","guid":{"rendered":"https:\/\/w3master.com.br\/modelo09\/?post_type=product&#038;p=732"},"modified":"2024-10-13T18:52:46","modified_gmt":"2024-10-13T21:52:46","slug":"blusa-com-aroma-manga-curta-preta","status":"publish","type":"product","link":"https:\/\/w3master.com.br\/modelo09\/product\/blusa-com-aroma-manga-curta-preta\/","title":{"rendered":"Blusa Com Aroma Manga Curta Preta"},"content":{"rendered":"<p>Blusa para menina confeccionada em ribana. Superdescolada e confort\u00e1vel, possui modelagem tradicional, mangas curtas e etiqueta exclusiva da marca. Al\u00e9m disso, conta com aroma calmante de camomila, que \u00e9 liberado com atrito do uso. Aposte!<br \/>\n\u2022 Blusa<br \/>\n\u2022 Manga curta<br \/>\n\u2022 Estampa lisa<br \/>\n\u2022 Aroma exclusiva<br \/>\n\u2022 Ribana<\/p>\n","protected":false},"excerpt":{"rendered":"<p>Blusa para menina confeccionada em ribana. Superdescolada e confort\u00e1vel, possui modelagem tradicional, mangas curtas e etiqueta exclusiva da marca. Al\u00e9m disso, conta com aroma calmante de camomila, que \u00e9 liberado com atrito do uso. Aposte! \u2022 Blusa \u2022 Manga curta \u2022 Estampa lisa \u2022 Aroma exclusiva \u2022 Ribana<\/p>\n","protected":false},"featured_media":733,"comment_status":"open","ping_status":"closed","template":"","meta":[],"product_cat":[56],"product_tag":[],"class_list":{"0":"post-732","1":"product","2":"type-product","3":"status-publish","4":"has-post-thumbnail","6":"product_cat-camiseta","8":"first","9":"instock","10":"shipping-taxable","11":"purchasable","12":"product-type-variable"},"_links":{"self":[{"href":"https:\/\/w3master.com.br\/modelo09\/wp-json\/wp\/v2\/product\/732"}],"collection":[{"href":"https:\/\/w3master.com.br\/modelo09\/wp-json\/wp\/v2\/product"}],"about":[{"href":"https:\/\/w3master.com.br\/modelo09\/wp-json\/wp\/v2\/types\/product"}],"replies":[{"embeddable":true,"href":"https:\/\/w3master.com.br\/modelo09\/wp-json\/wp\/v2\/comments?post=732"}],"wp:featuredmedia":[{"embeddable":true,"href":"https:\/\/w3master.com.br\/modelo09\/wp-json\/wp\/v2\/media\/733"}],"wp:attachment":[{"href":"https:\/\/w3master.com.br\/modelo09\/wp-json\/wp\/v2\/media?parent=732"}],"wp:term":[{"taxonomy":"product_cat","embeddable":true,"href":"https:\/\/w3master.com.br\/modelo09\/wp-json\/wp\/v2\/product_cat?post=732"},{"taxonomy":"product_tag","embeddable":true,"href":"https:\/\/w3master.com.br\/modelo09\/wp-json\/wp\/v2\/product_tag?post=732"}],"curies":[{"name":"wp","href":"https:\/\/api.w.org\/{rel}","templated":true}]}}