{"id":755,"date":"2024-10-15T16:10:03","date_gmt":"2024-10-15T19:10:03","guid":{"rendered":"https:\/\/w3master.com.br\/modelo09\/?post_type=product&#038;p=755"},"modified":"2024-10-15T16:11:17","modified_gmt":"2024-10-15T19:11:17","slug":"conjunto-de-moletom-infantil-o-rei-leao-1-4a-azul-disney","status":"publish","type":"product","link":"https:\/\/w3master.com.br\/modelo09\/product\/conjunto-de-moletom-infantil-o-rei-leao-1-4a-azul-disney\/","title":{"rendered":"Conjunto de moletom infantil O Rei Le\u00e3o 1-4A azul | Disney"},"content":{"rendered":"<p>O seus problemas voc\u00ea deve esquecer porque se for pe\u00e7as para a prote\u00e7\u00e3o do seu pequeno no frio n\u00f3s temos o\u00a0<strong>Conjunto de moletom infantil O Rei Le\u00e3o 1-4A azul | Disney\u00a0<\/strong>composto por duas pe\u00e7as com felpa que deixa o seu pequeno ainda mais quentinho. Combine o conjunto com um t\u00eanis branco para um look super fofo. Aposte!<\/p>\n<p><strong>Caracter\u00edsticas:<\/strong><br \/>\nMarca:\u00a0Disney<br \/>\nAlgod\u00e3o 100%<br \/>\nGola redonda<br \/>\nC\u00f3s de el\u00e1stico<br \/>\nBarra tradicional<br \/>\nEstampa O Rei Le\u00e3o<br \/>\n1 Blusa de moletom com capuz<br \/>\n1 Cal\u00e7a de moletom jogger<\/p>\n","protected":false},"excerpt":{"rendered":"<p>O seus problemas voc\u00ea deve esquecer porque se for pe\u00e7as para a prote\u00e7\u00e3o do seu pequeno no frio n\u00f3s temos o\u00a0Conjunto de moletom infantil O Rei Le\u00e3o 1-4A azul | Disney\u00a0composto por duas pe\u00e7as com felpa que deixa o seu pequeno ainda mais quentinho. Combine o conjunto com um t\u00eanis branco para um look super [&hellip;]<\/p>\n","protected":false},"featured_media":756,"comment_status":"open","ping_status":"closed","template":"","meta":[],"product_cat":[57],"product_tag":[],"class_list":{"0":"post-755","1":"product","2":"type-product","3":"status-publish","4":"has-post-thumbnail","6":"product_cat-moletom","8":"first","9":"instock","10":"sale","11":"shipping-taxable","12":"purchasable","13":"product-type-simple"},"_links":{"self":[{"href":"https:\/\/w3master.com.br\/modelo09\/wp-json\/wp\/v2\/product\/755"}],"collection":[{"href":"https:\/\/w3master.com.br\/modelo09\/wp-json\/wp\/v2\/product"}],"about":[{"href":"https:\/\/w3master.com.br\/modelo09\/wp-json\/wp\/v2\/types\/product"}],"replies":[{"embeddable":true,"href":"https:\/\/w3master.com.br\/modelo09\/wp-json\/wp\/v2\/comments?post=755"}],"wp:featuredmedia":[{"embeddable":true,"href":"https:\/\/w3master.com.br\/modelo09\/wp-json\/wp\/v2\/media\/756"}],"wp:attachment":[{"href":"https:\/\/w3master.com.br\/modelo09\/wp-json\/wp\/v2\/media?parent=755"}],"wp:term":[{"taxonomy":"product_cat","embeddable":true,"href":"https:\/\/w3master.com.br\/modelo09\/wp-json\/wp\/v2\/product_cat?post=755"},{"taxonomy":"product_tag","embeddable":true,"href":"https:\/\/w3master.com.br\/modelo09\/wp-json\/wp\/v2\/product_tag?post=755"}],"curies":[{"name":"wp","href":"https:\/\/api.w.org\/{rel}","templated":true}]}}