{"id":758,"date":"2024-10-15T16:13:05","date_gmt":"2024-10-15T19:13:05","guid":{"rendered":"https:\/\/w3master.com.br\/modelo09\/?post_type=product&#038;p=758"},"modified":"2024-10-15T16:16:10","modified_gmt":"2024-10-15T19:16:10","slug":"blusa-de-moletom-infantil-com-brilho-love-yourself-1-4a-rosa-pool-kids","status":"publish","type":"product","link":"https:\/\/w3master.com.br\/modelo09\/product\/blusa-de-moletom-infantil-com-brilho-love-yourself-1-4a-rosa-pool-kids\/","title":{"rendered":"Blusa de moletom infantil com brilho love yourself 1-4A rosa | Pool Kids"},"content":{"rendered":"<p>D\u00ea ainda mais brilho para quem faz os seus olhos brilharem com a\u00a0<strong>Blusa de moletom infantil com brilho love yourself 1-4A rosa | Pool Kids.\u00a0<\/strong>Feita de algod\u00e3o, a pe\u00e7a vem com gola, manga e acabamento em ribana canelada, tem um toque super macio, \u00e9 ideal para dias mais frios e seu charminho est\u00e1 na aplica\u00e7\u00e3o de glitter com arco-\u00edris e frase. Ela vai adorar!<\/p>\n<p><strong>Caracter\u00edsticas:<\/strong><br \/>\nMarca:\u00a0Pool Kids<br \/>\nAlgod\u00e3o 100%<br \/>\nGola, manga e acabamento em ribana canelada<br \/>\nTradicional<br \/>\nCom glitter<br \/>\nCom felpa<br \/>\nEstampa arco-\u00edris + lettering: love yourself<\/p>\n<p>Longe de ser um tecido s\u00f3 para pijamas, o\u00a0<strong>moletom<\/strong>\u00a0t\u00eam caracter\u00edsticas que v\u00e3o al\u00e9m da funcionalidade de aquecer. Confeccionado com fios de algod\u00e3o ou l\u00e3, o tecido al\u00e9m de macio e confort\u00e1vel, \u00e9 uma das maiores tend\u00eancias do momento com facilidade em transitar entre estilos e ocasi\u00f5es apenas por uma modelagem ou cor especifica. Op\u00e7\u00f5es com ou sem felpa, \u00e9 um \u00f3timo investimento para ter em seu closet.<\/p>\n","protected":false},"excerpt":{"rendered":"<p>D\u00ea ainda mais brilho para quem faz os seus olhos brilharem com a\u00a0Blusa de moletom infantil com brilho love yourself 1-4A rosa | Pool Kids.\u00a0Feita de algod\u00e3o, a pe\u00e7a vem com gola, manga e acabamento em ribana canelada, tem um toque super macio, \u00e9 ideal para dias mais frios e seu charminho est\u00e1 na aplica\u00e7\u00e3o [&hellip;]<\/p>\n","protected":false},"featured_media":761,"comment_status":"open","ping_status":"closed","template":"","meta":[],"product_cat":[57],"product_tag":[],"class_list":{"0":"post-758","1":"product","2":"type-product","3":"status-publish","4":"has-post-thumbnail","6":"product_cat-moletom","8":"first","9":"instock","10":"shipping-taxable","11":"purchasable","12":"product-type-simple"},"_links":{"self":[{"href":"https:\/\/w3master.com.br\/modelo09\/wp-json\/wp\/v2\/product\/758"}],"collection":[{"href":"https:\/\/w3master.com.br\/modelo09\/wp-json\/wp\/v2\/product"}],"about":[{"href":"https:\/\/w3master.com.br\/modelo09\/wp-json\/wp\/v2\/types\/product"}],"replies":[{"embeddable":true,"href":"https:\/\/w3master.com.br\/modelo09\/wp-json\/wp\/v2\/comments?post=758"}],"wp:featuredmedia":[{"embeddable":true,"href":"https:\/\/w3master.com.br\/modelo09\/wp-json\/wp\/v2\/media\/761"}],"wp:attachment":[{"href":"https:\/\/w3master.com.br\/modelo09\/wp-json\/wp\/v2\/media?parent=758"}],"wp:term":[{"taxonomy":"product_cat","embeddable":true,"href":"https:\/\/w3master.com.br\/modelo09\/wp-json\/wp\/v2\/product_cat?post=758"},{"taxonomy":"product_tag","embeddable":true,"href":"https:\/\/w3master.com.br\/modelo09\/wp-json\/wp\/v2\/product_tag?post=758"}],"curies":[{"name":"wp","href":"https:\/\/api.w.org\/{rel}","templated":true}]}}