{"id":759,"date":"2024-10-15T16:13:05","date_gmt":"2024-10-15T19:13:05","guid":{"rendered":"https:\/\/w3master.com.br\/modelo09\/?post_type=product&#038;p=759"},"modified":"2024-10-15T16:14:36","modified_gmt":"2024-10-15T19:14:36","slug":"blusa-de-moletom-infantil-com-capuz-margaridas-4-10a-lilas-pool-by-riachuelo","status":"publish","type":"product","link":"https:\/\/w3master.com.br\/modelo09\/product\/blusa-de-moletom-infantil-com-capuz-margaridas-4-10a-lilas-pool-by-riachuelo\/","title":{"rendered":"Blusa de moletom infantil com capuz margaridas 4-10A lil\u00e1s | Pool by Riachuelo"},"content":{"rendered":"<p>A\u00a0<strong>Blusa de moletom infantil com capuz margaridas 4-10A lil\u00e1s | Pool by Riachuelo<\/strong>\u00a0\u00e9 perfeita para a prote\u00e7\u00e3o da sua pequena. Em moletom com felpa macia e de toque agrad\u00e1vel, a pe\u00e7a possui capuz embutido, abertura frontal por z\u00edper e dois bolsos frontais. Seu diferencial fica por conta da estampa de margaridas que d\u00e1 um toque super charmoso para o lookinho da sua princesa. Combine com uma cal\u00e7a jeans da mesma estampa para um look casual.<\/p>\n<p><strong>Caracter\u00edsticas:<\/strong><br \/>\nMarca: Pool by Riachuelo<br \/>\nAlgod\u00e3o 100%<br \/>\nMoletom com felpa<br \/>\nCom capuz<br \/>\nAbertura frontal por z\u00edper<br \/>\n2 Bolsos frontais<br \/>\nEstampa floral<\/p>\n<p>Longe de ser um tecido s\u00f3 para pijamas, o\u00a0<strong>moletom\u00a0<\/strong>t\u00eam caracter\u00edsticas que v\u00e3o al\u00e9m da funcionalidade de aquecer. Confeccionado com fios de algod\u00e3o ou l\u00e3, o tecido al\u00e9m de macio e confort\u00e1vel, \u00e9 uma das maiores tend\u00eancias do momento com facilidade em transitar entre estilos e ocasi\u00f5es apenas por uma modelagem ou cor especifica. Op\u00e7\u00f5es com ou sem felpa, \u00e9 um \u00f3timo investimento para ter em seu closet.<\/p>\n","protected":false},"excerpt":{"rendered":"<p>A\u00a0Blusa de moletom infantil com capuz margaridas 4-10A lil\u00e1s | Pool by Riachuelo\u00a0\u00e9 perfeita para a prote\u00e7\u00e3o da sua pequena. Em moletom com felpa macia e de toque agrad\u00e1vel, a pe\u00e7a possui capuz embutido, abertura frontal por z\u00edper e dois bolsos frontais. Seu diferencial fica por conta da estampa de margaridas que d\u00e1 um toque [&hellip;]<\/p>\n","protected":false},"featured_media":760,"comment_status":"open","ping_status":"closed","template":"","meta":[],"product_cat":[57],"product_tag":[],"class_list":{"0":"post-759","1":"product","2":"type-product","3":"status-publish","4":"has-post-thumbnail","6":"product_cat-moletom","8":"first","9":"instock","10":"shipping-taxable","11":"purchasable","12":"product-type-simple"},"_links":{"self":[{"href":"https:\/\/w3master.com.br\/modelo09\/wp-json\/wp\/v2\/product\/759"}],"collection":[{"href":"https:\/\/w3master.com.br\/modelo09\/wp-json\/wp\/v2\/product"}],"about":[{"href":"https:\/\/w3master.com.br\/modelo09\/wp-json\/wp\/v2\/types\/product"}],"replies":[{"embeddable":true,"href":"https:\/\/w3master.com.br\/modelo09\/wp-json\/wp\/v2\/comments?post=759"}],"wp:featuredmedia":[{"embeddable":true,"href":"https:\/\/w3master.com.br\/modelo09\/wp-json\/wp\/v2\/media\/760"}],"wp:attachment":[{"href":"https:\/\/w3master.com.br\/modelo09\/wp-json\/wp\/v2\/media?parent=759"}],"wp:term":[{"taxonomy":"product_cat","embeddable":true,"href":"https:\/\/w3master.com.br\/modelo09\/wp-json\/wp\/v2\/product_cat?post=759"},{"taxonomy":"product_tag","embeddable":true,"href":"https:\/\/w3master.com.br\/modelo09\/wp-json\/wp\/v2\/product_tag?post=759"}],"curies":[{"name":"wp","href":"https:\/\/api.w.org\/{rel}","templated":true}]}}