{"id":762,"date":"2024-10-15T16:16:32","date_gmt":"2024-10-15T19:16:32","guid":{"rendered":"https:\/\/w3master.com.br\/modelo09\/?post_type=product&#038;p=762"},"modified":"2024-10-15T16:21:21","modified_gmt":"2024-10-15T19:21:21","slug":"blusa-de-moletom-infantil-com-capuz-minnie-1-4a-preta-disney","status":"publish","type":"product","link":"https:\/\/w3master.com.br\/modelo09\/product\/blusa-de-moletom-infantil-com-capuz-minnie-1-4a-preta-disney\/","title":{"rendered":"Blusa de moletom infantil com capuz Minnie 1-4A preta | Disney"},"content":{"rendered":"<p>A\u00a0<strong>Blusa de moletom infantil com capuz Minnie 1-4A preta | Disney\u00a0<\/strong>\u00e9 um verdadeiro charme para a sua princesa. Feita de poli\u00e9ster, a blusa possui capuz, toque aveludado e seu grande charminho est\u00e1 no bordado de Minnie. Ela vai adorar!<\/p>\n<p><strong>Caracter\u00edsticas:<\/strong><br \/>\nMarca:\u00a0Disney<br \/>\nPoli\u00e9ster 100%<br \/>\nForro do capuz: Poli\u00e9ster 65%; Algod\u00e3o 35%<br \/>\nCom capuz<br \/>\nToque aveludado<br \/>\nBordado Minnie<br \/>\nLa\u00e7o decorativo<br \/>\nCom felpa<\/p>\n<p>Longe de ser um tecido s\u00f3 para pijamas, o\u00a0<strong>moletom<\/strong>\u00a0t\u00eam caracter\u00edsticas que v\u00e3o al\u00e9m da funcionalidade de aquecer. Confeccionado com fios de algod\u00e3o ou l\u00e3, o tecido al\u00e9m de macio e confort\u00e1vel, \u00e9 uma das maiores tend\u00eancias do momento com facilidade em transitar entre estilos e ocasi\u00f5es apenas por uma modelagem ou cor especifica. Op\u00e7\u00f5es com ou sem felpa, \u00e9 um \u00f3timo investimento para ter em seu closet.<\/p>\n","protected":false},"excerpt":{"rendered":"<p>A\u00a0Blusa de moletom infantil com capuz Minnie 1-4A preta | Disney\u00a0\u00e9 um verdadeiro charme para a sua princesa. Feita de poli\u00e9ster, a blusa possui capuz, toque aveludado e seu grande charminho est\u00e1 no bordado de Minnie. Ela vai adorar! Caracter\u00edsticas: Marca:\u00a0Disney Poli\u00e9ster 100% Forro do capuz: Poli\u00e9ster 65%; Algod\u00e3o 35% Com capuz Toque aveludado Bordado [&hellip;]<\/p>\n","protected":false},"featured_media":766,"comment_status":"open","ping_status":"closed","template":"","meta":[],"product_cat":[57],"product_tag":[],"class_list":{"0":"post-762","1":"product","2":"type-product","3":"status-publish","4":"has-post-thumbnail","6":"product_cat-moletom","8":"first","9":"instock","10":"shipping-taxable","11":"purchasable","12":"product-type-simple"},"_links":{"self":[{"href":"https:\/\/w3master.com.br\/modelo09\/wp-json\/wp\/v2\/product\/762"}],"collection":[{"href":"https:\/\/w3master.com.br\/modelo09\/wp-json\/wp\/v2\/product"}],"about":[{"href":"https:\/\/w3master.com.br\/modelo09\/wp-json\/wp\/v2\/types\/product"}],"replies":[{"embeddable":true,"href":"https:\/\/w3master.com.br\/modelo09\/wp-json\/wp\/v2\/comments?post=762"}],"wp:featuredmedia":[{"embeddable":true,"href":"https:\/\/w3master.com.br\/modelo09\/wp-json\/wp\/v2\/media\/766"}],"wp:attachment":[{"href":"https:\/\/w3master.com.br\/modelo09\/wp-json\/wp\/v2\/media?parent=762"}],"wp:term":[{"taxonomy":"product_cat","embeddable":true,"href":"https:\/\/w3master.com.br\/modelo09\/wp-json\/wp\/v2\/product_cat?post=762"},{"taxonomy":"product_tag","embeddable":true,"href":"https:\/\/w3master.com.br\/modelo09\/wp-json\/wp\/v2\/product_tag?post=762"}],"curies":[{"name":"wp","href":"https:\/\/api.w.org\/{rel}","templated":true}]}}