{"id":767,"date":"2024-10-15T16:32:30","date_gmt":"2024-10-15T19:32:30","guid":{"rendered":"https:\/\/w3master.com.br\/modelo09\/?post_type=product&#038;p=767"},"modified":"2024-10-15T16:38:03","modified_gmt":"2024-10-15T19:38:03","slug":"bermuda-infantil-com-amarracao-de-cadarco-4-10a-laranja-pool-by-riachuelo","status":"publish","type":"product","link":"https:\/\/w3master.com.br\/modelo09\/product\/bermuda-infantil-com-amarracao-de-cadarco-4-10a-laranja-pool-by-riachuelo\/","title":{"rendered":"Bermuda infantil com amarra\u00e7\u00e3o de cadar\u00e7o 4-10A laranja | Pool by Riachuelo"},"content":{"rendered":"<p class=\"MuiTypography-root jss779 MuiTypography-h1 MuiTypography-gutterBottom\">Para aquele dia de sol e muito calor o\u00a0<strong>Bermuda infantil com amarra\u00e7\u00e3o de cadar\u00e7o 4-10A laranja | Pool by Riachuelo\u00a0<\/strong>no look do seu filho com material poli\u00e9ster c\u00f3s de el\u00e1stico e com cadar\u00e7o de amarra\u00e7\u00e3o os dias do seu filhos ser\u00e3o bem mais divertidos. Aposte!<\/p>\n<p><strong>Caracter\u00edsticas:<\/strong><br \/>\nMarca: Pool by Riachuelo<br \/>\nPoli\u00e9ster 100%<br \/>\nC\u00f3s de el\u00e1stico<br \/>\nCadar\u00e7o na cintura<\/p>\n<p>Criada pensando no que h\u00e1 de mais atual no mundo da moda, a marca Pool by Riachuelo re\u00fane desde a leveza para os pequenos, at\u00e9 a atitude jovem com uma pegada fashionista para o guarda-roupa de quem ama estar sempre por dentro das tend\u00eancias! Trazendo em sua identidade pe\u00e7as modernas, despojadas, b\u00e1sicas e o bom e velho jeans.<\/p>\n","protected":false},"excerpt":{"rendered":"<p>Para aquele dia de sol e muito calor o\u00a0Bermuda infantil com amarra\u00e7\u00e3o de cadar\u00e7o 4-10A laranja | Pool by Riachuelo\u00a0no look do seu filho com material poli\u00e9ster c\u00f3s de el\u00e1stico e com cadar\u00e7o de amarra\u00e7\u00e3o os dias do seu filhos ser\u00e3o bem mais divertidos. Aposte! Caracter\u00edsticas: Marca: Pool by Riachuelo Poli\u00e9ster 100% C\u00f3s de el\u00e1stico [&hellip;]<\/p>\n","protected":false},"featured_media":770,"comment_status":"open","ping_status":"closed","template":"","meta":[],"product_cat":[58],"product_tag":[],"class_list":{"0":"post-767","1":"product","2":"type-product","3":"status-publish","4":"has-post-thumbnail","6":"product_cat-bermudas","8":"first","9":"instock","10":"shipping-taxable","11":"purchasable","12":"product-type-simple"},"_links":{"self":[{"href":"https:\/\/w3master.com.br\/modelo09\/wp-json\/wp\/v2\/product\/767"}],"collection":[{"href":"https:\/\/w3master.com.br\/modelo09\/wp-json\/wp\/v2\/product"}],"about":[{"href":"https:\/\/w3master.com.br\/modelo09\/wp-json\/wp\/v2\/types\/product"}],"replies":[{"embeddable":true,"href":"https:\/\/w3master.com.br\/modelo09\/wp-json\/wp\/v2\/comments?post=767"}],"wp:featuredmedia":[{"embeddable":true,"href":"https:\/\/w3master.com.br\/modelo09\/wp-json\/wp\/v2\/media\/770"}],"wp:attachment":[{"href":"https:\/\/w3master.com.br\/modelo09\/wp-json\/wp\/v2\/media?parent=767"}],"wp:term":[{"taxonomy":"product_cat","embeddable":true,"href":"https:\/\/w3master.com.br\/modelo09\/wp-json\/wp\/v2\/product_cat?post=767"},{"taxonomy":"product_tag","embeddable":true,"href":"https:\/\/w3master.com.br\/modelo09\/wp-json\/wp\/v2\/product_tag?post=767"}],"curies":[{"name":"wp","href":"https:\/\/api.w.org\/{rel}","templated":true}]}}