{"id":771,"date":"2024-10-15T16:37:43","date_gmt":"2024-10-15T19:37:43","guid":{"rendered":"https:\/\/w3master.com.br\/modelo09\/?post_type=product&#038;p=771"},"modified":"2024-10-15T16:41:15","modified_gmt":"2024-10-15T19:41:15","slug":"bermuda-infantil-ciclista-minnie-4-10a-lilas-disney","status":"publish","type":"product","link":"https:\/\/w3master.com.br\/modelo09\/product\/bermuda-infantil-ciclista-minnie-4-10a-lilas-disney\/","title":{"rendered":"Bermuda infantil ciclista Minnie 4-10A lil\u00e1s | Disney"},"content":{"rendered":"<p>Super fofinha e confort\u00e1vel, a\u00a0<strong>Bermuda infantil ciclista Minnie 4-10A lil\u00e1s | Disney\u00a0<\/strong>\u00e9 perfeita para passar de m\u00e3e para filha o amor pelo mundo Disney. Feito de algod\u00e3o e elastano, o short possui c\u00f3s de el\u00e1stico, barra tradicional, modelagem ciclista e seu charme est\u00e1 na estampa de Minnie. Combine com uma camiseta, ela vai amar!<\/p>\n<p><strong>Caracter\u00edsticas:<\/strong><br \/>\nMarca:\u00a0Disney<br \/>\nAlgod\u00e3o 96%; Elastano 4%<br \/>\nCiclista<br \/>\nC\u00f3s de el\u00e1stico<br \/>\nEstampa Minnie<\/p>\n","protected":false},"excerpt":{"rendered":"<p>Super fofinha e confort\u00e1vel, a\u00a0Bermuda infantil ciclista Minnie 4-10A lil\u00e1s | Disney\u00a0\u00e9 perfeita para passar de m\u00e3e para filha o amor pelo mundo Disney. Feito de algod\u00e3o e elastano, o short possui c\u00f3s de el\u00e1stico, barra tradicional, modelagem ciclista e seu charme est\u00e1 na estampa de Minnie. Combine com uma camiseta, ela vai amar! Caracter\u00edsticas: [&hellip;]<\/p>\n","protected":false},"featured_media":774,"comment_status":"open","ping_status":"closed","template":"","meta":[],"product_cat":[58],"product_tag":[],"class_list":{"0":"post-771","1":"product","2":"type-product","3":"status-publish","4":"has-post-thumbnail","6":"product_cat-bermudas","8":"first","9":"instock","10":"shipping-taxable","11":"purchasable","12":"product-type-simple"},"_links":{"self":[{"href":"https:\/\/w3master.com.br\/modelo09\/wp-json\/wp\/v2\/product\/771"}],"collection":[{"href":"https:\/\/w3master.com.br\/modelo09\/wp-json\/wp\/v2\/product"}],"about":[{"href":"https:\/\/w3master.com.br\/modelo09\/wp-json\/wp\/v2\/types\/product"}],"replies":[{"embeddable":true,"href":"https:\/\/w3master.com.br\/modelo09\/wp-json\/wp\/v2\/comments?post=771"}],"wp:featuredmedia":[{"embeddable":true,"href":"https:\/\/w3master.com.br\/modelo09\/wp-json\/wp\/v2\/media\/774"}],"wp:attachment":[{"href":"https:\/\/w3master.com.br\/modelo09\/wp-json\/wp\/v2\/media?parent=771"}],"wp:term":[{"taxonomy":"product_cat","embeddable":true,"href":"https:\/\/w3master.com.br\/modelo09\/wp-json\/wp\/v2\/product_cat?post=771"},{"taxonomy":"product_tag","embeddable":true,"href":"https:\/\/w3master.com.br\/modelo09\/wp-json\/wp\/v2\/product_tag?post=771"}],"curies":[{"name":"wp","href":"https:\/\/api.w.org\/{rel}","templated":true}]}}