{"id":775,"date":"2024-10-15T16:44:55","date_gmt":"2024-10-15T19:44:55","guid":{"rendered":"https:\/\/w3master.com.br\/modelo09\/?post_type=product&#038;p=775"},"modified":"2024-10-15T16:46:30","modified_gmt":"2024-10-15T19:46:30","slug":"bermuda-surf-infantil-com-listras-4-10a-azul-pool-by-riachuelo","status":"publish","type":"product","link":"https:\/\/w3master.com.br\/modelo09\/product\/bermuda-surf-infantil-com-listras-4-10a-azul-pool-by-riachuelo\/","title":{"rendered":"Bermuda surf infantil com listras 4-10A azul | Pool by Riachuelo"},"content":{"rendered":"<p>A\u00a0<strong>Bermuda surf infantil com listras 4-10A azul | Pool by Riachuelo<\/strong>\u00a0\u00e9 perfeita para garantir estilo e conforto para o seu pequeno curtir dias mais ensolarados na praia ou na piscina. Feita de poli\u00e9ster, a bermuda possui c\u00f3s de el\u00e1stico, cord\u00e3o de amarra\u00e7\u00e3o, bolso posterior e seu charminho est\u00e1 em sua estampa listrada. Aproveite!<\/p>\n<p><strong>Caracter\u00edsticas:<\/strong><br \/>\nMarca:\u00a0Pool by Riachuelo<br \/>\nPoli\u00e9ster 100%<br \/>\nCord\u00e3o de amarra\u00e7\u00e3o<br \/>\nC\u00f3s de el\u00e1stico<br \/>\n1 Bolso posterior<br \/>\nListrada nas cores branca e vermelha<\/p>\n<p>Criada pensando no que h\u00e1 de mais atual no mundo da moda, a marca\u00a0<strong>Pool by Riachuelo\u00a0<\/strong>re\u00fane desde a leveza para os pequenos, at\u00e9 a atitude jovem com uma pegada fashionista para o guarda-roupa de quem ama estar sempre por dentro das tend\u00eancias! Trazendo em sua identidade pe\u00e7as modernas, despojadas, b\u00e1sicas e o bom e velho jeans.<\/p>\n","protected":false},"excerpt":{"rendered":"<p>A\u00a0Bermuda surf infantil com listras 4-10A azul | Pool by Riachuelo\u00a0\u00e9 perfeita para garantir estilo e conforto para o seu pequeno curtir dias mais ensolarados na praia ou na piscina. Feita de poli\u00e9ster, a bermuda possui c\u00f3s de el\u00e1stico, cord\u00e3o de amarra\u00e7\u00e3o, bolso posterior e seu charminho est\u00e1 em sua estampa listrada. Aproveite! Caracter\u00edsticas: Marca:\u00a0Pool [&hellip;]<\/p>\n","protected":false},"featured_media":777,"comment_status":"open","ping_status":"closed","template":"","meta":[],"product_cat":[58],"product_tag":[],"class_list":{"0":"post-775","1":"product","2":"type-product","3":"status-publish","4":"has-post-thumbnail","6":"product_cat-bermudas","8":"first","9":"instock","10":"shipping-taxable","11":"purchasable","12":"product-type-simple"},"_links":{"self":[{"href":"https:\/\/w3master.com.br\/modelo09\/wp-json\/wp\/v2\/product\/775"}],"collection":[{"href":"https:\/\/w3master.com.br\/modelo09\/wp-json\/wp\/v2\/product"}],"about":[{"href":"https:\/\/w3master.com.br\/modelo09\/wp-json\/wp\/v2\/types\/product"}],"replies":[{"embeddable":true,"href":"https:\/\/w3master.com.br\/modelo09\/wp-json\/wp\/v2\/comments?post=775"}],"wp:featuredmedia":[{"embeddable":true,"href":"https:\/\/w3master.com.br\/modelo09\/wp-json\/wp\/v2\/media\/777"}],"wp:attachment":[{"href":"https:\/\/w3master.com.br\/modelo09\/wp-json\/wp\/v2\/media?parent=775"}],"wp:term":[{"taxonomy":"product_cat","embeddable":true,"href":"https:\/\/w3master.com.br\/modelo09\/wp-json\/wp\/v2\/product_cat?post=775"},{"taxonomy":"product_tag","embeddable":true,"href":"https:\/\/w3master.com.br\/modelo09\/wp-json\/wp\/v2\/product_tag?post=775"}],"curies":[{"name":"wp","href":"https:\/\/api.w.org\/{rel}","templated":true}]}}