{"id":776,"date":"2024-10-15T16:44:55","date_gmt":"2024-10-15T19:44:55","guid":{"rendered":"https:\/\/w3master.com.br\/modelo09\/?post_type=product&#038;p=776"},"modified":"2024-10-15T16:48:02","modified_gmt":"2024-10-15T19:48:02","slug":"short-infantil-cos-elastico-arco-iris-4-10a-bege-pool-kids","status":"publish","type":"product","link":"https:\/\/w3master.com.br\/modelo09\/product\/short-infantil-cos-elastico-arco-iris-4-10a-bege-pool-kids\/","title":{"rendered":"Short infantil c\u00f3s el\u00e1stico arco-\u00edris 4-10A bege | Pool Kids"},"content":{"rendered":"<p>Favorito para os dias ensolarados, o<strong>\u00a0Short infantil c\u00f3s el\u00e1stico arco-\u00edris 4-10A bege | Pool Kids\u00a0<\/strong>\u00e9 ideal para manter-se confort\u00e1vel e estilosa no ver\u00e3o. Confeccionado em malha macia de algod\u00e3o, c\u00f3s de el\u00e1stico e barra tradicional, a sua pequena vai poder brincar o dia inteiro de maneira super leve e linda. Aposte!<\/p>\n<p><strong>Caracter\u00edsticas:<\/strong><br \/>\nMarca: Pool Kids<br \/>\nAlgod\u00e3o 100%<br \/>\nC\u00f3s de el\u00e1stico<br \/>\nLa\u00e7o decorativo<br \/>\nBarra tradicional<br \/>\nEstampa de arco-\u00edris<\/p>\n<p>Criada pensando no que h\u00e1 de mais atual no mundo da moda, a marca\u00a0<strong>Pool Kids<\/strong>\u00a0re\u00fane desde a leveza para os pequenos, at\u00e9 a atitude jovem com uma pegada fashionista para o guarda-roupa de quem ama estar sempre por dentro das tend\u00eancias! Trazendo em sua identidade pe\u00e7as modernas, despojadas, b\u00e1sicas e o bom e velho jeans.<\/p>\n","protected":false},"excerpt":{"rendered":"<p>Favorito para os dias ensolarados, o\u00a0Short infantil c\u00f3s el\u00e1stico arco-\u00edris 4-10A bege | Pool Kids\u00a0\u00e9 ideal para manter-se confort\u00e1vel e estilosa no ver\u00e3o. Confeccionado em malha macia de algod\u00e3o, c\u00f3s de el\u00e1stico e barra tradicional, a sua pequena vai poder brincar o dia inteiro de maneira super leve e linda. Aposte! Caracter\u00edsticas: Marca: Pool Kids [&hellip;]<\/p>\n","protected":false},"featured_media":778,"comment_status":"open","ping_status":"closed","template":"","meta":[],"product_cat":[58],"product_tag":[],"class_list":{"0":"post-776","1":"product","2":"type-product","3":"status-publish","4":"has-post-thumbnail","6":"product_cat-bermudas","8":"first","9":"instock","10":"shipping-taxable","11":"purchasable","12":"product-type-simple"},"_links":{"self":[{"href":"https:\/\/w3master.com.br\/modelo09\/wp-json\/wp\/v2\/product\/776"}],"collection":[{"href":"https:\/\/w3master.com.br\/modelo09\/wp-json\/wp\/v2\/product"}],"about":[{"href":"https:\/\/w3master.com.br\/modelo09\/wp-json\/wp\/v2\/types\/product"}],"replies":[{"embeddable":true,"href":"https:\/\/w3master.com.br\/modelo09\/wp-json\/wp\/v2\/comments?post=776"}],"wp:featuredmedia":[{"embeddable":true,"href":"https:\/\/w3master.com.br\/modelo09\/wp-json\/wp\/v2\/media\/778"}],"wp:attachment":[{"href":"https:\/\/w3master.com.br\/modelo09\/wp-json\/wp\/v2\/media?parent=776"}],"wp:term":[{"taxonomy":"product_cat","embeddable":true,"href":"https:\/\/w3master.com.br\/modelo09\/wp-json\/wp\/v2\/product_cat?post=776"},{"taxonomy":"product_tag","embeddable":true,"href":"https:\/\/w3master.com.br\/modelo09\/wp-json\/wp\/v2\/product_tag?post=776"}],"curies":[{"name":"wp","href":"https:\/\/api.w.org\/{rel}","templated":true}]}}