{"id":791,"date":"2024-10-15T17:21:42","date_gmt":"2024-10-15T20:21:42","guid":{"rendered":"https:\/\/w3master.com.br\/modelo09\/?post_type=product&#038;p=791"},"modified":"2024-10-15T17:25:13","modified_gmt":"2024-10-15T20:25:13","slug":"jardineira-sarja-infantil-bolso-color-block-1-4a-multicor-pool-kids","status":"publish","type":"product","link":"https:\/\/w3master.com.br\/modelo09\/product\/jardineira-sarja-infantil-bolso-color-block-1-4a-multicor-pool-kids\/","title":{"rendered":"Jardineira sarja infantil bolso color block 1-4A multicor | Pool Kids"},"content":{"rendered":"<p>A <strong>Jardineira sarja infantil bolso color block 1-4A multicor | Pool Kids\u00a0<\/strong>\u00e9 perfeita para deixar a sua princesa ainda mais fofinha. Feita em sarja, a jardineira possui al\u00e7as com bot\u00f5es, vers\u00e3o color block e fecha com um bolso frontal. Ela vai ficar ainda mais fofinha. Aproveite!<\/p>\n<p><strong>Caracter\u00edsticas:<\/strong><br \/>\nMarca:\u00a0Pool Kids<br \/>\nAlgod\u00e3o 100%<br \/>\nAl\u00e7as com bot\u00f5es<br \/>\n1 Bolso frontal<br \/>\nColor block<\/p>\n<p>Estruturada e encorpada a pe\u00e7a de\u00a0<strong>sarja<\/strong>\u00a0\u00e9 uma \u00f3tima aliada quando se trata de escolher uma roupa que n\u00e3o marque o corpo. Composta por algod\u00e3o e elastano, a sarja \u00e9 reconhecida pelas estrias no sentido diagonal do tecido. Devido seu caimento ser mais estruturado \u00e9 perfeita para confec\u00e7\u00e3o de cal\u00e7as, saias, vestidos e blazer de ver\u00e3o, visto que n\u00e3o ret\u00e9m tanto calor.<\/p>\n<p>Criada pensando no que h\u00e1 de mais atual no mundo da moda, a marca\u00a0<strong>Pool Kids\u00a0<\/strong>re\u00fane desde a leveza para os pequenos, at\u00e9 a atitude jovem com uma pegada fashionista para o guarda-roupa de quem ama estar sempre por dentro das tend\u00eancias! Trazendo em sua identidade pe\u00e7as modernas, despojadas, b\u00e1sicas e o bom e velho jeans.<\/p>\n","protected":false},"excerpt":{"rendered":"<p>A Jardineira sarja infantil bolso color block 1-4A multicor | Pool Kids\u00a0\u00e9 perfeita para deixar a sua princesa ainda mais fofinha. Feita em sarja, a jardineira possui al\u00e7as com bot\u00f5es, vers\u00e3o color block e fecha com um bolso frontal. Ela vai ficar ainda mais fofinha. Aproveite! Caracter\u00edsticas: Marca:\u00a0Pool Kids Algod\u00e3o 100% Al\u00e7as com bot\u00f5es 1 [&hellip;]<\/p>\n","protected":false},"featured_media":794,"comment_status":"open","ping_status":"closed","template":"","meta":[],"product_cat":[60],"product_tag":[],"class_list":{"0":"post-791","1":"product","2":"type-product","3":"status-publish","4":"has-post-thumbnail","6":"product_cat-jardineira","8":"first","9":"instock","10":"shipping-taxable","11":"purchasable","12":"product-type-simple"},"_links":{"self":[{"href":"https:\/\/w3master.com.br\/modelo09\/wp-json\/wp\/v2\/product\/791"}],"collection":[{"href":"https:\/\/w3master.com.br\/modelo09\/wp-json\/wp\/v2\/product"}],"about":[{"href":"https:\/\/w3master.com.br\/modelo09\/wp-json\/wp\/v2\/types\/product"}],"replies":[{"embeddable":true,"href":"https:\/\/w3master.com.br\/modelo09\/wp-json\/wp\/v2\/comments?post=791"}],"wp:featuredmedia":[{"embeddable":true,"href":"https:\/\/w3master.com.br\/modelo09\/wp-json\/wp\/v2\/media\/794"}],"wp:attachment":[{"href":"https:\/\/w3master.com.br\/modelo09\/wp-json\/wp\/v2\/media?parent=791"}],"wp:term":[{"taxonomy":"product_cat","embeddable":true,"href":"https:\/\/w3master.com.br\/modelo09\/wp-json\/wp\/v2\/product_cat?post=791"},{"taxonomy":"product_tag","embeddable":true,"href":"https:\/\/w3master.com.br\/modelo09\/wp-json\/wp\/v2\/product_tag?post=791"}],"curies":[{"name":"wp","href":"https:\/\/api.w.org\/{rel}","templated":true}]}}