{"id":800,"date":"2024-10-15T17:30:32","date_gmt":"2024-10-15T20:30:32","guid":{"rendered":"https:\/\/w3master.com.br\/modelo09\/?post_type=product&#038;p=800"},"modified":"2024-10-15T17:31:58","modified_gmt":"2024-10-15T20:31:58","slug":"jardineira-jeans-color-infantil-joaninha-4-10a-branca-pool-by-riachuelo","status":"publish","type":"product","link":"https:\/\/w3master.com.br\/modelo09\/product\/jardineira-jeans-color-infantil-joaninha-4-10a-branca-pool-by-riachuelo\/","title":{"rendered":"Jardineira jeans color infantil joaninha 4-10A branca | Pool by Riachuelo"},"content":{"rendered":"<p>Confeccionada em sarja, a\u00a0<strong>Jardineira jeans color infantil joaninha 4-10A branca | Pool by Riachuelo<\/strong>\u00a0\u00e9 perfeita para os pais que prezam por praticidade e estilo para as pequenas. Confeccionada em sarja, a pe\u00e7a possui al\u00e7as m\u00e9dias, fecho por encaixe, bolso frontal e tudo isso, numa modelagem jardineira atemporal e super gracinha. Sua estampa com diversos desenhos deixa tudo ainda mais divertido e alegre. Combine com um par de t\u00eanis branco para um look passeio. A crian\u00e7ada vai amar!<\/p>\n<p><strong>Caracter\u00edsticas:<\/strong><br \/>\nMarca: Pool by Riachuelo<br \/>\nAlgod\u00e3o 100%<br \/>\nModelagem jardineira<br \/>\nAl\u00e7as m\u00e9dias<br \/>\nModelo curto<br \/>\nFecho de encaixe<br \/>\nBolso \u00fanico frontal<br \/>\nEstampa de florzinhas, arco-\u00edris e joaninha<\/p>\n<p>Estruturada e encorpada a pe\u00e7a de\u00a0<strong>sarja<\/strong>\u00a0\u00e9 uma \u00f3tima aliada quando se trata de escolher uma roupa que n\u00e3o marque o corpo. Composta por algod\u00e3o e elastano, a sarja \u00e9 reconhecida pelas estrias no sentido diagonal do tecido. Devido seu caimento ser mais estruturado \u00e9 perfeita para confec\u00e7\u00e3o de cal\u00e7as, saias, vestidos e blazer de ver\u00e3o, visto que n\u00e3o ret\u00e9m tanto calor.<\/p>\n<p>Criada pensando no que h\u00e1 de mais atual no mundo da moda, a marca\u00a0<strong>Pool by Riachuelo\u00a0<\/strong>re\u00fane desde a leveza para os pequenos, at\u00e9 a atitude jovem com uma pegada fashionista para o guarda-roupa de quem ama estar sempre por dentro das tend\u00eancias! Trazendo em sua identidade pe\u00e7as modernas, despojadas, b\u00e1sicas e o bom e velho jeans.<\/p>\n","protected":false},"excerpt":{"rendered":"<p>Confeccionada em sarja, a\u00a0Jardineira jeans color infantil joaninha 4-10A branca | Pool by Riachuelo\u00a0\u00e9 perfeita para os pais que prezam por praticidade e estilo para as pequenas. Confeccionada em sarja, a pe\u00e7a possui al\u00e7as m\u00e9dias, fecho por encaixe, bolso frontal e tudo isso, numa modelagem jardineira atemporal e super gracinha. Sua estampa com diversos desenhos [&hellip;]<\/p>\n","protected":false},"featured_media":802,"comment_status":"open","ping_status":"closed","template":"","meta":[],"product_cat":[60],"product_tag":[],"class_list":{"0":"post-800","1":"product","2":"type-product","3":"status-publish","4":"has-post-thumbnail","6":"product_cat-jardineira","8":"first","9":"instock","10":"sale","11":"shipping-taxable","12":"purchasable","13":"product-type-simple"},"_links":{"self":[{"href":"https:\/\/w3master.com.br\/modelo09\/wp-json\/wp\/v2\/product\/800"}],"collection":[{"href":"https:\/\/w3master.com.br\/modelo09\/wp-json\/wp\/v2\/product"}],"about":[{"href":"https:\/\/w3master.com.br\/modelo09\/wp-json\/wp\/v2\/types\/product"}],"replies":[{"embeddable":true,"href":"https:\/\/w3master.com.br\/modelo09\/wp-json\/wp\/v2\/comments?post=800"}],"wp:featuredmedia":[{"embeddable":true,"href":"https:\/\/w3master.com.br\/modelo09\/wp-json\/wp\/v2\/media\/802"}],"wp:attachment":[{"href":"https:\/\/w3master.com.br\/modelo09\/wp-json\/wp\/v2\/media?parent=800"}],"wp:term":[{"taxonomy":"product_cat","embeddable":true,"href":"https:\/\/w3master.com.br\/modelo09\/wp-json\/wp\/v2\/product_cat?post=800"},{"taxonomy":"product_tag","embeddable":true,"href":"https:\/\/w3master.com.br\/modelo09\/wp-json\/wp\/v2\/product_tag?post=800"}],"curies":[{"name":"wp","href":"https:\/\/api.w.org\/{rel}","templated":true}]}}